{"id":1609,"date":"2023-09-03T20:54:46","date_gmt":"2023-09-03T18:54:46","guid":{"rendered":"https:\/\/gdrf-studio.com\/cdh64test\/partenaires-associatifs\/"},"modified":"2023-09-14T20:15:05","modified_gmt":"2023-09-14T18:15:05","slug":"partenaires-associatifs","status":"publish","type":"page","link":"https:\/\/www.cdhandisport64.org\/es\/partenaires-associatifs\/","title":{"rendered":"Colaboradores asociativos"},"content":{"rendered":"<p>[et_pb_section fb_built=\u00bb1&#8243; custom_padding_last_edited=\u00bbon|phone\u00bb next_background_color=\u00bb#ffffff\u00bb admin_label=\u00bbHeader\u00bb _builder_version=\u00bb4.21.0&#8243; use_background_color_gradient=\u00bbon\u00bb background_color_gradient_direction=\u00bb165deg\u00bb background_color_gradient_stops=\u00bbrgba(46,44,126,0.35) 0%|#000000 100%\u00bb background_color_gradient_overlays_image=\u00bbon\u00bb background_color_gradient_start=\u00bbrgba(38,45,63,0.67)\u00bb background_color_gradient_end=\u00bb#262d3f\u00bb background_image=\u00bbhttps:\/\/www.cdhandisport64.org\/wp-content\/uploads\/2023\/09\/Nos-partenaires-associatifs.jpeg\u00bb custom_padding=\u00bb10vw||10vw||true|false\u00bb custom_padding_tablet=\u00bb115px||115px||true|false\u00bb custom_padding_phone=\u00bb30px||10px||false|false\u00bb bottom_divider_style=\u00bbramp\u00bb bottom_divider_height=\u00bb6vw\u00bb bottom_divider_flip=\u00bbhorizontal\u00bb background_last_edited=\u00bbon|phone\u00bb use_background_color_gradient_phone=\u00bbon\u00bb background_color_gradient_direction_phone=\u00bb170deg\u00bb background_color_gradient_stops_phone=\u00bbrgba(46,44,126,0.35) 30%|#000000 100%\u00bb global_colors_info=\u00bb{}\u00bb][et_pb_row _builder_version=\u00bb4.22.1&#8243; hover_enabled=\u00bb0&#8243; global_colors_info=\u00bb{}\u00bb width_last_edited=\u00bbon|phone\u00bb width_phone=\u00bb95%\u00bb sticky_enabled=\u00bb0&#8243;][et_pb_column type=\u00bb4_4&#8243; _builder_version=\u00bb4.16&#8243; custom_padding=\u00bb|||\u00bb global_colors_info=\u00bb{}\u00bb custom_padding__hover=\u00bb|||\u00bb][et_pb_text content_tablet=\u00bb<\/p>\n<h1>Divi <strong><span style=%22color: #17bdfb;%22>Gym<\/span><\/strong> Layout<\/h1>\n<p>\u00bb content_last_edited=\u00bboff|phone\u00bb _builder_version=\u00bb4.22.1&#8243; _module_preset=\u00bbdefault\u00bb text_font=\u00bb||||||||\u00bb text_text_color=\u00bb#ffffff\u00bb header_font=\u00bbBarlow Condensed|500|||||||\u00bb header_text_align=\u00bbcenter\u00bb header_text_color=\u00bb#ffffff\u00bb header_font_size=\u00bb96px\u00bb header_line_height=\u00bb1.1em\u00bb header_2_font=\u00bbBarlow Condensed|600|||||||\u00bb header_3_font=\u00bbBarlow Condensed||||||||\u00bb header_4_font=\u00bbBarlow Condensed||||||||\u00bb header_5_font=\u00bbBarlow Condensed||||||||\u00bb header_6_font=\u00bbBarlow Condensed||||||||\u00bb custom_margin=\u00bb-33px|||\u00bb custom_padding=\u00bb18px||18px||true\u00bb custom_padding_tablet=\u00bb\u00bb custom_padding_phone=\u00bb35px||35px||true|false\u00bb custom_padding_last_edited=\u00bbon|phone\u00bb hover_enabled=\u00bb0&#8243; header_font_size_tablet=\u00bb80px\u00bb header_font_size_phone=\u00bb38px\u00bb header_font_size_last_edited=\u00bbon|desktop\u00bb locked=\u00bboff\u00bb global_colors_info=\u00bb{}\u00bb sticky_enabled=\u00bb0&#8243;]<\/p>\n<h1>Nuestros principales colaboradores asociativos<br \/>\n<span style=\"color: #17bdfb; font-weight: 600;\">diario<br \/>\n<\/span><\/h1>\n<p>[\/et_pb_text][\/et_pb_column][\/et_pb_row][\/et_pb_section][et_pb_section fb_built=\u00bb1&#8243; custom_padding_last_edited=\u00bbon|phone\u00bb _builder_version=\u00bb4.22.1&#8243; _module_preset=\u00bb57977f59-6b57-48c3-a9b2-37269e4e1fe8&#8243; background_image=\u00bbhttps:\/\/www.cdhandisport64.org\/wp-content\/uploads\/2023\/07\/dots.png\u00bb background_size=\u00bbinitial\u00bb background_position=\u00bbtop_left\u00bb custom_padding=\u00bb35px|0px|10px|0px|false|false\u00bb custom_padding_tablet=\u00bb35px|0px|10px|0px|false|false\u00bb custom_padding_phone=\u00bb10px|0px|10px|0px|false|false\u00bb hover_enabled=\u00bb0&#8243; background_last_edited=\u00bbon|phone\u00bb background_image_tablet=\u00bbhttps:\/\/www.cdhandisport64.org\/wp-content\/uploads\/2023\/07\/dots-background-2.png\u00bb background_image_phone=\u00bbhttps:\/\/www.cdhandisport64.org\/wp-content\/uploads\/2023\/07\/dots-180&#215;180-1.png\u00bb background_enable_image_tablet=\u00bbon\u00bb background_enable_image_phone=\u00bbon\u00bb locked=\u00bboff\u00bb global_colors_info=\u00bb{}\u00bb sticky_enabled=\u00bb0&#8243;][et_pb_row _builder_version=\u00bb4.21.0&#8243; _module_preset=\u00bb7d9f62a9-f8e9-456c-a1a9-95b078c8f364&#8243; width_tablet=\u00bb\u00bb width_phone=\u00bb90%\u00bb width_last_edited=\u00bbon|phone\u00bb custom_padding=\u00bb15px|0px|16px|0px|false|false\u00bb global_colors_info=\u00bb{}\u00bb][et_pb_column type=\u00bb4_4&#8243; _builder_version=\u00bb4.16&#8243; _module_preset=\u00bbdefault\u00bb custom_padding=\u00bb|||\u00bb global_colors_info=\u00bb{}\u00bb custom_padding__hover=\u00bb|||\u00bb][et_pb_text _builder_version=\u00bb4.22.1&#8243; _module_preset=\u00bbdefault\u00bb text_font=\u00bb|700|||||||\u00bb text_text_color=\u00bb#ffffff\u00bb text_font_size=\u00bb30px\u00bb header_font=\u00bbBarlow Condensed|300|||||||\u00bb header_text_color=\u00bb#ffffff\u00bb header_font_size=\u00bb68px\u00bb header_line_height=\u00bb0.9em\u00bb header_2_font=\u00bbBarlow Condensed|600|||||||\u00bb header_2_text_align=\u00bbcenter\u00bb header_2_text_color=\u00bb#141827&#8243; header_2_font_size=\u00bb52px\u00bb header_2_line_height=\u00bb1.2em\u00bb header_3_font=\u00bbBarlow Condensed||||||||\u00bb header_4_font=\u00bbBarlow Condensed||||||||\u00bb header_5_font=\u00bbBarlow Condensed||||||||\u00bb header_6_font=\u00bbBarlow Condensed||||||||\u00bb text_orientation=\u00bbcenter\u00bb hover_enabled=\u00bb0&#8243; text_font_size_tablet=\u00bb\u00bb text_font_size_phone=\u00bb20px\u00bb text_font_size_last_edited=\u00bbon|desktop\u00bb header_font_size_tablet=\u00bb64px\u00bb header_font_size_phone=\u00bb56px\u00bb header_font_size_last_edited=\u00bbon|phone\u00bb header_2_text_align_tablet=\u00bbleft\u00bb header_2_text_align_phone=\u00bb\u00bb header_2_text_align_last_edited=\u00bbon|tablet\u00bb header_2_font_size_tablet=\u00bb\u00bb header_2_font_size_phone=\u00bb38px\u00bb header_2_font_size_last_edited=\u00bbon|phone\u00bb global_colors_info=\u00bb{}\u00bb header_2_2_font_size_phone=\u00bb36px\u00bb header_3_2_font_size_phone=\u00bb36px\u00bb header_4_2_font_size_phone=\u00bb36px\u00bb header_5_2_font_size_phone=\u00bb36px\u00bb header_6_2_font_size_phone=\u00bb36px\u00bb header_2_2_font_size_last_edited=\u00bbon|phone\u00bb header_3_2_font_size_last_edited=\u00bbon|phone\u00bb header_4_2_font_size_last_edited=\u00bbon|phone\u00bb header_5_2_font_size_last_edited=\u00bbon|phone\u00bb header_6_2_font_size_last_edited=\u00bbon|phone\u00bb sticky_enabled=\u00bb0&#8243;]<\/p>\n<h2>Encuentra aqu\u00ed nuestro <span style=\"color: #17bdfb;\">colaboradores asociativos<br \/><\/span><\/h2>\n<p>[\/et_pb_text][\/et_pb_column][\/et_pb_row][\/et_pb_section][et_pb_section fb_built=\u00bb1&#8243; _builder_version=\u00bb4.22.1&#8243; _module_preset=\u00bbdefault\u00bb hover_enabled=\u00bb0&#8243; global_colors_info=\u00bb{}\u00bb custom_padding_last_edited=\u00bbon|phone\u00bb custom_padding_phone=\u00bb0px||20px||false|false\u00bb sticky_enabled=\u00bb0&#8243;][et_pb_row _builder_version=\u00bb4.22.1&#8243; _module_preset=\u00bbdefault\u00bb hover_enabled=\u00bb0&#8243; global_colors_info=\u00bb{}\u00bb sticky_enabled=\u00bb0&#8243; width_last_edited=\u00bbon|phone\u00bb width_phone=\u00bb90%\u00bb][et_pb_column type=\u00bb4_4&#8243; _builder_version=\u00bb4.21.0&#8243; _module_preset=\u00bbdefault\u00bb global_colors_info=\u00bb{}\u00bb][et_pb_text _builder_version=\u00bb4.21.0&#8243; _module_preset=\u00bbdefault\u00bb text_font=\u00bbRoboto||||||||\u00bb text_text_color=\u00bb#141827&#8243; text_font_size=\u00bb18px\u00bb text_line_height=\u00bb1.8em\u00bb link_font=\u00bb||||on||||\u00bb link_text_color=\u00bbgcid-aa21a5c8-3373-4bed-b4ba-aa0e9cc96566&#8243; header_font=\u00bbBarlow Condensed|300|||||||\u00bb header_text_color=\u00bb#ffffff\u00bb header_font_size=\u00bb68px\u00bb header_line_height=\u00bb0.9em\u00bb header_2_font=\u00bbBarlow Condensed||||||||\u00bb header_3_font=\u00bbBarlow Condensed|600|||on||||\u00bb header_3_font_size=\u00bb26px\u00bb header_4_font=\u00bbBarlow Condensed|600|||||||\u00bb header_4_font_size=\u00bb22px\u00bb header_5_font=\u00bbBarlow Condensed||||||||\u00bb header_6_font=\u00bbBarlow Condensed||||||||\u00bb max_width_tablet=\u00bb100%\u00bb max_width_phone=\u00bb100%\u00bb max_width_last_edited=\u00bbon|tablet\u00bb module_alignment=\u00bbleft\u00bb custom_margin=\u00bb-13px||\u00bb custom_padding=\u00bb0px||\u00bb header_font_size_tablet=\u00bb64px\u00bb header_font_size_phone=\u00bb56px\u00bb header_font_size_last_edited=\u00bbon|phone\u00bb custom_css_main_element=\u00bbfont-weight:400;\u00bb global_colors_info=\u00bb{%22gcid-aa21a5c8-3373-4bed-b4ba-aa0e9cc96566%22:%91%22link_text_color%22,%22link_text_color%22%93}\u00bb]<\/p>\n<h4>Association Fran\u00e7aise des Scl\u00e9ros\u00e9s en Plaques 64 (AFSEP 64)<\/h4>\n<p>La AFSEP agrupa a todas las personas con esclerosis m\u00faltiple y a sus familias, ayud\u00e1ndoles, inform\u00e1ndoles, represent\u00e1ndoles y defendi\u00e9ndoles ante las autoridades y organismos p\u00fablicos y privados.<\/p>\n<p><a href=\"https:\/\/afsep.fr\/lassociation\/nos-delegations\/pyrenees-atlantiques\/\">https:\/\/afsep.fr\/lassociation\/nos-delegations\/pyrenees-atlantiques\/<\/a><\/p>\n<p>&nbsp;<\/p>\n<h4>Les Valhandises<\/h4>\n<p>El objetivo de la asociaci\u00f3n es organizar y promover actos para compartir experiencias entre personas sin discapacidad, personas con discapacidad y cuidadores, y romper las barreras que a menudo existen entre personas sin discapacidad y con discapacidad. A trav\u00e9s del intercambio y de momentos festivos, la asociaci\u00f3n pretende cambiar la forma en que las personas se ven unas a otras y concienciar sobre el hecho de que todos somos personas de pleno derecho.<\/p>\n<p><a href=\"https:\/\/www.lesvalhandises.fr\/\">https:\/\/www.lesvalhandises.fr\/<\/a><\/p>\n<p>&nbsp;<\/p>\n<h4>L\u2019autruche sur un fil de soi<\/h4>\n<p>La asociaci\u00f3n est\u00e1 dirigida a ni\u00f1os, adolescentes y adultos con pluridiscapacidad, que presentan importantes deficiencias motoras e intelectuales que dan lugar a un alto nivel de dependencia. Su objetivo es desarrollar proyectos culturales y deportivos para ni\u00f1os, adolescentes y adultos con pluridiscapacidad, en una relaci\u00f3n de intercambio con personas sin discapacidad.<\/p>\n<p><a href=\"https:\/\/lautruchesurunfildesoi.jimdo.com\/\">https:\/\/lautruchesurunfildesoi.jimdo.com\/<\/a><\/p>\n<p>&nbsp;<\/p>\n<h4>APF France Handicap 64<\/h4>\n<p>APF France handicap es la organizaci\u00f3n de utilidad p\u00fablica francesa m\u00e1s importante, <strong>que defiende y representa a personas con discapacidad y a su entorno<\/strong>.<\/p>\n<p><a href=\"http:\/\/territoireaquitainesud.blogs.apf.asso.fr\/delegations-des-pyrenees-atlantiques.html\">http:\/\/territoireaquitainesud.blogs.apf.asso.fr\/delegations-des-pyrenees-atlantiques.html<\/a><\/p>\n<p>&nbsp;<\/p>\n<h4>AFTC &#8211; Union Nationale des Familles de Traumatis\u00e9s cr\u00e2niens et C\u00e9r\u00e9brol\u00e9s\u00e9s<\/h4>\n<p>Si eres una persona con un traumatismo craneal o una lesi\u00f3n cerebral, si eres un familiar, un amigo, una persona de apoyo o si est\u00e1s sensibilizado con esta causa, puedes unirte a nosotros en un esp\u00edritu de solidaridad, sumar tu experiencia a la nuestra y beneficiarte de la de los dem\u00e1s. Puedes ponerse en contacto o unirte a la AFTC de los Pirineos Atl\u00e1nticos.<\/p>\n<p><a href=\"https:\/\/www.cerebrolesion.org\/jcms\/af_8327\/fr\/espace-parvis\">https:\/\/www.cerebrolesion.org\/jcms\/af_8327\/fr\/espace-parvis<\/a><\/p>\n<p>&nbsp;<\/p>\n<h4>CRIC Pyr\u00e9n\u00e9es &#8211; Centre de R\u00e9insertion pour Invalides Civils<\/h4>\n<p>Centro de Reinserci\u00f3n para Personas Civiles con Discapacidad La finalidad de la asociaci\u00f3n es poner en pr\u00e1ctica todos los medios posibles que permitan la integraci\u00f3n, reinserci\u00f3n y promoci\u00f3n de personas discapacitadas o inadaptadas.<\/p>\n<p><a href=\"https:\/\/www.cric.asso.fr\/index.php\/association\/les-etablissements\/preorientation-cric-pyrenees\">https:\/\/www.cric.asso.fr\/index.php\/association\/les-etablissements\/preorientation-cric-pyrenees<\/a><\/p>\n<p>&nbsp;<\/p>\n<h3>Associations et structures pour les personnes d\u00e9ficientes visuelles et aveugles<\/h3>\n<p>&nbsp;<\/p>\n<h4>La Fraternelle des aveugles<\/h4>\n<p>La asociaci\u00f3n Fraternelle des aveugles de Bayona, Biarritz y de la Regi\u00f3n, y su secci\u00f3n de perros gu\u00eda, prestan asistencia a invidentes y deficientes visuales (salidas, paseos, conferencias, encuentros con invidentes, \u00c1rbol de Navidad, ayuda para adquirir perros gu\u00eda).<\/p>\n<p>0608107638<\/p>\n<p><a href=\"mailto:Fraternelledesaveugles6440@gmail.com\">Fraternelledesaveugles6440@gmail.com<\/a><\/p>\n<p>&nbsp;<\/p>\n<h4>Union Nationale des Aveugles et D\u00e9ficients visuels (UNADEV)<\/h4>\n<p><span>UNADEV ofrece a sus miembros actividades adaptadas a sus necesidades, proyectos colectivos y experiencias que ayudan a las personas ciegas y deficientes visuales en su emancipaci\u00f3n, a ser m\u00e1s aut\u00f3nomas y a sentirse mejor en su d\u00eda a d\u00eda. Asimismo, los <\/span><span>centros regionales UNADEV <\/span><span> son lugares de escucha, intercambio y encuentros.<\/span><\/p>\n<p><a href=\"https:\/\/www.unadev.com\/centreregion\/centre-unadev-pau\/\">https:\/\/www.unadev.com\/centreregion\/centre-unadev-pau\/<\/a><\/p>\n<p>&nbsp;<\/p>\n<h4>Association Valentin Ha\u00fcy<\/h4>\n<p>organismo hist\u00f3rico en la ayuda a los discapacitados visuales, <strong>la Asociaci\u00f3n Valentin Ha\u00fcy,<\/strong> ofrece una amplia gama de servicios y actividades en toda Francia para defender los derechos de los discapacitados visuales, garantizar su formaci\u00f3n y acceso al empleo, restaurar y desarrollar su autonom\u00eda, promover el acceso a la palabra escrita y ofrecer actividades culturales, deportivas y de ocio accesibles.<\/p>\n<p>Delegaci\u00f3n de Bayona<\/p>\n<p><a href=\"https:\/\/bayonne.avh.asso.fr\/\">https:\/\/bayonne.avh.asso.fr\/<\/a><\/p>\n<p>Enlace de Pau<\/p>\n<p><a href=\"https:\/\/bayonne.avh.asso.fr\/node\/422\">https:\/\/bayonne.avh.asso.fr\/node\/422<\/a><\/p>\n<p>&nbsp;<\/p>\n<h3>Deportes y ocio<\/h3>\n<p>&nbsp;<\/p>\n<h4>Handiplage<\/h4>\n<p>El sitio de informaci\u00f3n Handiplage indica un gran n\u00famero de playas francesas accesibles para personas con discapacidad.<\/p>\n<p><a href=\"https:\/\/www.handiplage.fr\/\">https:\/\/www.handiplage.fr\/<\/a><\/p>\n<p>&nbsp;<\/p>\n<h4>Handisurf<\/h4>\n<p>Acceso al surf para todos.<\/p>\n<p><a href=\"http:\/\/www.handi-surf.org\/handi-surf\/\">http:\/\/www.handi-surf.org\/handi-surf\/<\/a><\/p>\n<p>&nbsp;<\/p>\n<h4>Handiplus Aquitaine<\/h4>\n<p>Directorio de turismo accesible en Nueva Aquitania<\/p>\n<p><a href=\"https:\/\/handiplusaquitaine.fr\/\">https:\/\/handiplusaquitaine.fr\/<\/a><\/p>\n<p>&nbsp;<\/p>\n<h4>Balades \u00e0 roulettes 64<\/h4>\n<p>Sitio de paseos accesibles para sillas de ruedas (sillas de paseo, etc.) en el departamento<\/p>\n<p><a href=\"https:\/\/www.cdrp64.com\/sentiers-et-topoguides\/les-balades-%C3%A0-roulettes\/\">https:\/\/www.cdrp64.com\/sentiers-et-topoguides\/les-balades-%C3%A0-roulettes\/<\/a><\/p>\n<p>&nbsp;<\/p>\n<h3>Asociaci\u00f3n de enfermedades cr\u00f3nicas\/raras<\/h3>\n<p>&nbsp;<\/p>\n<h4>France Parkinson<\/h4>\n<p>Algunas de las misiones de la asociaci\u00f3n France Parkinson son apoyar y ayudar a los enfermos y su entorno. Informar y formar sobre la enfermedad, los tratamientos y las ayudas, y financiar, fomentar y financiar, fomentar y facilitar la investigaci\u00f3n.<\/p>\n<p><a href=\"https:\/\/www.franceparkinson.fr\/association\/carte-comites-locaux\/comite\/?id=64\">https:\/\/www.franceparkinson.fr\/association\/carte-comites-locaux\/comite\/?id=64<\/a><\/p>\n<p>&nbsp;<\/p>\n<h4>AFM T\u00e9l\u00e9thon Pyr\u00e9n\u00e9es Atlantiques ouest \u2013 64<\/h4>\n<p>L\u2019AFM-T\u00e9l\u00e9thon es una asociaci\u00f3n de enfermos y familiares que luchan sin descanso contra enfermedades gen\u00e9ticas raras, progresivas y gravemente incapacitantes. Sus militantes tienen un objetivo prioritario: vencer a la enfermedad.<\/p>\n<p><a href=\"https:\/\/www.afm-telethon.fr\/fr\/coordinations\/064w#nos-actualites\">https:\/\/www.afm-telethon.fr\/fr\/coordinations\/064w#nos-actualites<\/a><\/p>\n<p>&nbsp;<\/p>\n<h4>Aide aux jeunes diab\u00e9tiques<\/h4>\n<p>Asociaci\u00f3n nacional reconocida de utilidad p\u00fablica para ayudar a los j\u00f3venes con diabetes y sus familias.<\/p>\n<p><a href=\"https:\/\/www.ajd-diabete.fr\/association\/goxokiak-2\/\">https:\/\/www.ajd-diabete.fr\/association\/goxokiak-2\/<\/a><\/p>\n<p>&nbsp;<\/p>\n<h4>France Alzheimer Pyr\u00e9n\u00e9es Atlantiques<\/h4>\n<p>Los principales objetivos de la asociaci\u00f3n son unir, informar y proporcionar apoyo local a las familias que cuidan de un allegado con Alzheimer o una enfermedad similar.<\/p>\n<p><a href=\"https:\/\/www.francealzheimer.org\/pyreneesatlantiques\/\">https:\/\/www.francealzheimer.org\/pyreneesatlantiques\/<\/a><\/p>\n<p>&nbsp;<\/p>\n<h4>Ligue du cancer<\/h4>\n<p>La asociaci\u00f3n est\u00e1 reconocida como de utilidad p\u00fablica. Su misi\u00f3n es la investigaci\u00f3n, la prevenci\u00f3n y el apoyo a las personas afectadas por el c\u00e1ncer.<\/p>\n<p><a href=\"https:\/\/www.ligue-cancer.net\/64-pyreneesatlantiques\">https:\/\/www.ligue-cancer.net\/64-pyreneesatlantiques<\/a><\/p>\n<p>&nbsp;<\/p>\n<h4>Handi Ressource 64 &#8211; Elgarreken<\/h4>\n<p>Ayudar a los ni\u00f1os con discapacidad a acceder a los centros de ocio.<\/p>\n<p><a href=\"http:\/\/www.handiressources64.com\/\">http:\/\/www.handiressources64.com\/<\/a><\/p>\n<p>&nbsp;<\/p>\n<h3>Nuestros colaboradores log\u00edsticos<\/h3>\n<p>Lista de las estructuras que prestan o alquilan material adaptado.<\/p>\n<p>&nbsp;<\/p>\n<h4>Autruche sur un fil de soi<\/h4>\n<p>Joelettes y bici-sillas en Bayona<\/p>\n<p><a href=\"https:\/\/lautruchesurunfildesoi.jimdo.com\/\">https:\/\/lautruchesurunfildesoi.jimdo.com\/<\/a><\/p>\n<p>&nbsp;<\/p>\n<h4>Handiplage<\/h4>\n<p>Bicicletas de mano\/material de esqu\u00ed en Bayona<\/p>\n<p><a href=\"https:\/\/www.handiplage.fr\/\">https:\/\/www.handiplage.fr\/<\/a><\/p>\n<p>&nbsp;<\/p>\n<h4>Ted surf<\/h4>\n<p>Bici-silla en Capbreton<\/p>\n<p><a href=\"https:\/\/tedsurfschool-capbreton.com\/handi-velo\">https:\/\/tedsurfschool-capbreton.com\/handi-velo<\/a><\/p>\n<p>&nbsp;<\/p>\n<h4>A v\u00e9lo sans \u00e2ge<\/h4>\n<p>Triciclos con silla en Capbreton<\/p>\n<p><a href=\"https:\/\/avelosansage.fr\/\">https:\/\/avelosansage.fr\/<\/a><\/p>\n<p>&nbsp;<\/p>\n<h4>La roue tourne 40<\/h4>\n<p>Myolibs (jo\u00eblette)<\/p>\n<p><a href=\"https:\/\/www.larouetourne40.com\/\">https:\/\/www.larouetourne40.com\/<\/a><\/p>\n<p>&nbsp;<\/p>\n<h4>Handi BO<\/h4>\n<p>Jo\u00eblettes en Biarritz<\/p>\n<p><a href=\"chrome-extension:\/\/efaidnbmnnnibpcajpcglclefindmkaj\/http:\/\/data.over-blog-kiwi.com\/1\/43\/30\/43\/20191218\/ob_1de9be_convention-pret-joelette.pdf\">chrome-extension:\/\/efaidnbmnnnibpcajpcglclefindmkaj\/http:\/\/data.over-blog-kiwi.com\/1\/43\/30\/43\/20191218\/ob_1de9be_convention-pret-joelette.pdf<\/a><\/p>\n<p>&nbsp;<\/p>\n<h4>Le triporteur du Gave<\/h4>\n<p>Propone paseos en triciclos con silla a personas que no pueden montar en bicicleta (sector Bearne).<\/p>\n<p><span>06 20 39 86 65<\/span><\/p>\n<p><a href=\"contact@letriporteurdugave.fr\"><span>contact@letriporteurdugave.fr<\/span><\/a><\/p>\n<p>[\/et_pb_text][\/et_pb_column][\/et_pb_row][\/et_pb_section]<\/p>\n","protected":false},"excerpt":{"rendered":"<p>Nuestros principales colaboradores asociativos diario Encuentra aqu\u00ed nuestro colaboradores asociativosAssociation Fran\u00e7aise des Scl\u00e9ros\u00e9s en Plaques 64 (AFSEP 64) La AFSEP agrupa a todas las personas con esclerosis m\u00faltiple y a sus familias, ayud\u00e1ndoles, inform\u00e1ndoles, represent\u00e1ndoles y defendi\u00e9ndoles ante las autoridades y organismos p\u00fablicos y privados. https:\/\/afsep.fr\/lassociation\/nos-delegations\/pyrenees-atlantiques\/ &nbsp; Les Valhandises El objetivo de la asociaci\u00f3n es organizar y promover actos para compartir experiencias entre personas sin discapacidad, personas con discapacidad y cuidadores, y romper las barreras que a menudo existen entre personas sin discapacidad y con discapacidad. A trav\u00e9s del intercambio y de momentos festivos, la asociaci\u00f3n pretende cambiar la forma en que las personas se ven unas a otras y concienciar sobre el hecho de que todos somos personas de pleno derecho. https:\/\/www.lesvalhandises.fr\/ &nbsp; L\u2019autruche sur un fil de soi La asociaci\u00f3n est\u00e1 dirigida a ni\u00f1os, adolescentes y adultos con pluridiscapacidad, que presentan importantes deficiencias motoras e intelectuales que dan lugar a un alto nivel de dependencia. Su objetivo es desarrollar proyectos culturales y deportivos para ni\u00f1os, adolescentes y adultos con pluridiscapacidad, en una relaci\u00f3n de intercambio con personas sin discapacidad. https:\/\/lautruchesurunfildesoi.jimdo.com\/ &nbsp; APF France Handicap 64 APF France handicap es la organizaci\u00f3n de utilidad p\u00fablica francesa m\u00e1s importante, que [&hellip;]<\/p>\n","protected":false},"author":1,"featured_media":0,"parent":0,"menu_order":0,"comment_status":"closed","ping_status":"closed","template":"","meta":{"_et_pb_use_builder":"on","_et_pb_old_content":"","_et_gb_content_width":"","footnotes":""},"class_list":["post-1609","page","type-page","status-publish","hentry"],"_links":{"self":[{"href":"https:\/\/www.cdhandisport64.org\/es\/wp-json\/wp\/v2\/pages\/1609","targetHints":{"allow":["GET"]}}],"collection":[{"href":"https:\/\/www.cdhandisport64.org\/es\/wp-json\/wp\/v2\/pages"}],"about":[{"href":"https:\/\/www.cdhandisport64.org\/es\/wp-json\/wp\/v2\/types\/page"}],"author":[{"embeddable":true,"href":"https:\/\/www.cdhandisport64.org\/es\/wp-json\/wp\/v2\/users\/1"}],"replies":[{"embeddable":true,"href":"https:\/\/www.cdhandisport64.org\/es\/wp-json\/wp\/v2\/comments?post=1609"}],"version-history":[{"count":7,"href":"https:\/\/www.cdhandisport64.org\/es\/wp-json\/wp\/v2\/pages\/1609\/revisions"}],"predecessor-version":[{"id":1702,"href":"https:\/\/www.cdhandisport64.org\/es\/wp-json\/wp\/v2\/pages\/1609\/revisions\/1702"}],"wp:attachment":[{"href":"https:\/\/www.cdhandisport64.org\/es\/wp-json\/wp\/v2\/media?parent=1609"}],"curies":[{"name":"wp","href":"https:\/\/api.w.org\/{rel}","templated":true}]}}