{"id":1647,"date":"2023-07-24T17:00:25","date_gmt":"2023-07-24T15:00:25","guid":{"rendered":"https:\/\/gdrf-studio.com\/cdh64test\/sports-en-etablissements\/"},"modified":"2023-09-14T19:56:20","modified_gmt":"2023-09-14T17:56:20","slug":"sports-en-etablissements","status":"publish","type":"page","link":"https:\/\/www.cdhandisport64.org\/es\/sports-en-etablissements\/","title":{"rendered":"Deporte en establecimientos"},"content":{"rendered":"<p>[et_pb_section fb_built=\u00bb1&#8243; custom_padding_last_edited=\u00bbon|phone\u00bb next_background_color=\u00bb#ffffff\u00bb admin_label=\u00bbHeader\u00bb _builder_version=\u00bb4.22.1&#8243; use_background_color_gradient=\u00bbon\u00bb background_color_gradient_direction=\u00bb165deg\u00bb background_color_gradient_stops=\u00bbrgba(46,44,126,0.35) 0%|#000000 100%\u00bb background_color_gradient_overlays_image=\u00bbon\u00bb background_color_gradient_start=\u00bbrgba(38,45,63,0.67)\u00bb background_color_gradient_end=\u00bb#262d3f\u00bb background_image=\u00bbhttps:\/\/www.cdhandisport64.org\/wp-content\/uploads\/2023\/07\/Herauritz-sport-en-etablissement.jpeg\u00bb custom_padding=\u00bb9vw||9vw||true|false\u00bb custom_padding_tablet=\u00bb115px||115px||true|false\u00bb custom_padding_phone=\u00bb30px||10px||false|false\u00bb bottom_divider_style=\u00bbramp\u00bb bottom_divider_height=\u00bb6vw\u00bb bottom_divider_flip=\u00bbhorizontal\u00bb hover_enabled=\u00bb0&#8243; background_last_edited=\u00bbon|phone\u00bb use_background_color_gradient_phone=\u00bbon\u00bb background_color_gradient_direction_phone=\u00bb170deg\u00bb background_color_gradient_stops_phone=\u00bbrgba(46,44,126,0.35) 30%|#000000 100%\u00bb background_image_phone=\u00bbhttps:\/\/www.cdhandisport64.org\/wp-content\/uploads\/2023\/07\/Herauritz-sport-en-etablissement.jpeg\u00bb background_enable_image_phone=\u00bbon\u00bb global_colors_info=\u00bb{}\u00bb title_text=\u00bbHe\u0301rauritz (sport en e\u0301tablissement)\u00bb sticky_enabled=\u00bb0&#8243;][et_pb_row _builder_version=\u00bb4.21.0&#8243; global_colors_info=\u00bb{}\u00bb][et_pb_column type=\u00bb4_4&#8243; _builder_version=\u00bb4.16&#8243; custom_padding=\u00bb|||\u00bb global_colors_info=\u00bb{}\u00bb custom_padding__hover=\u00bb|||\u00bb][et_pb_text content_tablet=\u00bb<\/p>\n<h1>Divi <strong><span style=%22color: #17bdfb;%22>Gym<\/span><\/strong> Layout<\/h1>\n<p>\u00bb content_last_edited=\u00bboff|phone\u00bb _builder_version=\u00bb4.21.0&#8243; _module_preset=\u00bbdefault\u00bb text_font=\u00bb||||||||\u00bb text_text_color=\u00bb#ffffff\u00bb header_font=\u00bbBarlow Condensed|500|||||||\u00bb header_text_align=\u00bbcenter\u00bb header_text_color=\u00bb#ffffff\u00bb header_font_size=\u00bb96px\u00bb header_line_height=\u00bb1.1em\u00bb header_2_font=\u00bbBarlow Condensed|600|||||||\u00bb header_3_font=\u00bbBarlow Condensed||||||||\u00bb header_4_font=\u00bbBarlow Condensed||||||||\u00bb header_5_font=\u00bbBarlow Condensed||||||||\u00bb header_6_font=\u00bbBarlow Condensed||||||||\u00bb custom_margin=\u00bb-33px|||\u00bb custom_padding=\u00bb18px||18px||true\u00bb custom_padding_tablet=\u00bb\u00bb custom_padding_phone=\u00bb25px||25px||true|false\u00bb custom_padding_last_edited=\u00bbon|phone\u00bb header_font_size_tablet=\u00bb80px\u00bb header_font_size_phone=\u00bb40px\u00bb header_font_size_last_edited=\u00bbon|desktop\u00bb locked=\u00bboff\u00bb global_colors_info=\u00bb{}\u00bb]<\/p>\n<h1>Deporte en <span style=\"color: #17bdfb; font-weight: 600;\">establecimientos<\/span><\/h1>\n<p>[\/et_pb_text][\/et_pb_column][\/et_pb_row][\/et_pb_section][et_pb_section fb_built=\u00bb1&#8243; custom_padding_last_edited=\u00bbon|phone\u00bb _builder_version=\u00bb4.21.0&#8243; _module_preset=\u00bb57977f59-6b57-48c3-a9b2-37269e4e1fe8&#8243; background_image=\u00bbhttps:\/\/www.cdhandisport64.org\/wp-content\/uploads\/2023\/07\/dots.png\u00bb background_size=\u00bbinitial\u00bb background_position=\u00bbtop_left\u00bb custom_padding=\u00bb35px|0px|10px|0px|false|false\u00bb custom_padding_tablet=\u00bb35px|0px|10px|0px|false|false\u00bb custom_padding_phone=\u00bb10px|0px|10px|0px|false|false\u00bb background_last_edited=\u00bbon|phone\u00bb background_image_tablet=\u00bbhttps:\/\/www.cdhandisport64.org\/wp-content\/uploads\/2023\/07\/dots-background-2.png\u00bb background_image_phone=\u00bbhttps:\/\/www.cdhandisport64.org\/wp-content\/uploads\/2023\/07\/dots-180&#215;180-1.png\u00bb background_enable_image_tablet=\u00bbon\u00bb background_enable_image_phone=\u00bbon\u00bb locked=\u00bboff\u00bb global_colors_info=\u00bb{}\u00bb][et_pb_row _builder_version=\u00bb4.16&#8243; _module_preset=\u00bb7d9f62a9-f8e9-456c-a1a9-95b078c8f364&#8243; custom_padding=\u00bb15px|0px||0px|false|false\u00bb global_colors_info=\u00bb{}\u00bb][et_pb_column type=\u00bb4_4&#8243; _builder_version=\u00bb4.16&#8243; _module_preset=\u00bbdefault\u00bb custom_padding=\u00bb|||\u00bb global_colors_info=\u00bb{}\u00bb custom_padding__hover=\u00bb|||\u00bb][et_pb_text _builder_version=\u00bb4.21.0&#8243; _module_preset=\u00bbdefault\u00bb text_font=\u00bb|700|||||||\u00bb text_text_color=\u00bb#ffffff\u00bb text_font_size=\u00bb30px\u00bb header_font=\u00bbBarlow Condensed|300|||||||\u00bb header_text_color=\u00bb#ffffff\u00bb header_font_size=\u00bb68px\u00bb header_line_height=\u00bb0.9em\u00bb header_2_font=\u00bbBarlow Condensed|600|||||||\u00bb header_2_text_align=\u00bbcenter\u00bb header_2_text_color=\u00bb#141827&#8243; header_2_font_size=\u00bb52px\u00bb header_2_line_height=\u00bb1.2em\u00bb header_3_font=\u00bbBarlow Condensed||||||||\u00bb header_4_font=\u00bbBarlow Condensed||||||||\u00bb header_5_font=\u00bbBarlow Condensed||||||||\u00bb header_6_font=\u00bbBarlow Condensed||||||||\u00bb text_orientation=\u00bbcenter\u00bb text_font_size_tablet=\u00bb\u00bb text_font_size_phone=\u00bb20px\u00bb text_font_size_last_edited=\u00bbon|desktop\u00bb header_font_size_tablet=\u00bb64px\u00bb header_font_size_phone=\u00bb56px\u00bb header_font_size_last_edited=\u00bbon|phone\u00bb header_2_text_align_tablet=\u00bbleft\u00bb header_2_text_align_phone=\u00bb\u00bb header_2_text_align_last_edited=\u00bbon|tablet\u00bb header_2_font_size_tablet=\u00bb\u00bb header_2_font_size_phone=\u00bb38px\u00bb header_2_font_size_last_edited=\u00bbon|phone\u00bb global_colors_info=\u00bb{}\u00bb header_2_2_font_size_phone=\u00bb36px\u00bb header_3_2_font_size_phone=\u00bb36px\u00bb header_4_2_font_size_phone=\u00bb36px\u00bb header_5_2_font_size_phone=\u00bb36px\u00bb header_6_2_font_size_phone=\u00bb36px\u00bb header_2_2_font_size_last_edited=\u00bbon|phone\u00bb header_3_2_font_size_last_edited=\u00bbon|phone\u00bb header_4_2_font_size_last_edited=\u00bbon|phone\u00bb header_5_2_font_size_last_edited=\u00bbon|phone\u00bb header_6_2_font_size_last_edited=\u00bbon|phone\u00bb]<\/p>\n<h2>Nuestras ofertas deportivas <span style=\"color: #17bdfb;\">en establecimientos<br \/><\/span><\/h2>\n<p>[\/et_pb_text][et_pb_text _builder_version=\u00bb4.21.0&#8243; _module_preset=\u00bbdefault\u00bb text_font=\u00bbRoboto||||||||\u00bb text_text_color=\u00bb#141827&#8243; text_font_size=\u00bb18px\u00bb text_line_height=\u00bb1.8em\u00bb header_font=\u00bbBarlow Condensed|300|||||||\u00bb header_text_color=\u00bb#ffffff\u00bb header_font_size=\u00bb68px\u00bb header_line_height=\u00bb0.9em\u00bb header_2_font=\u00bbBarlow Condensed||||||||\u00bb header_3_font=\u00bbBarlow Condensed||||||||\u00bb header_4_font=\u00bbBarlow Condensed||||||||\u00bb header_5_font=\u00bbBarlow Condensed||||||||\u00bb header_6_font=\u00bbBarlow Condensed||||||||\u00bb text_orientation=\u00bbcenter\u00bb max_width=\u00bb70%\u00bb max_width_tablet=\u00bb100%\u00bb max_width_phone=\u00bb100%\u00bb max_width_last_edited=\u00bbon|phone\u00bb module_alignment=\u00bbcenter\u00bb custom_margin=\u00bb-13px||\u00bb custom_padding=\u00bb0px||\u00bb header_font_size_tablet=\u00bb64px\u00bb header_font_size_phone=\u00bb56px\u00bb header_font_size_last_edited=\u00bbon|phone\u00bb text_orientation_tablet=\u00bbleft\u00bb text_orientation_phone=\u00bb\u00bb text_orientation_last_edited=\u00bbon|tablet\u00bb custom_css_main_element=\u00bbfont-weight:400;\u00bb global_colors_info=\u00bb{}\u00bb]El CDH64 interviene de forma peri\u00f3dica en determinados establecimientos m\u00e9dico-sociales del territorio para proponer actividades deportivas adaptadas a personas con discapacidad motora y sensorial, y\/o a personas con pluridiscapacidad y\/o con limitaciones f\u00edsicas importantes.<\/p>\n<p>Se ofrecen muchas actividades colaborativas l\u00fadicas y adaptadas, resaltando las habilidades de cada individuo en un ambiente positivo y din\u00e1mico&#8230;[\/et_pb_text][\/et_pb_column][\/et_pb_row][\/et_pb_section][et_pb_section fb_built=\u00bb1&#8243; custom_padding_last_edited=\u00bbon|phone\u00bb _builder_version=\u00bb4.21.0&#8243; _module_preset=\u00bb57977f59-6b57-48c3-a9b2-37269e4e1fe8&#8243; background_enable_color=\u00bboff\u00bb background_enable_image=\u00bboff\u00bb background_size=\u00bbinitial\u00bb background_position=\u00bbtop_left\u00bb background_blend=\u00bbmultiply\u00bb custom_padding=\u00bb30px||30px||true|false\u00bb custom_padding_tablet=\u00bb30px||30px||true|false\u00bb custom_padding_phone=\u00bb10px||10px||true|false\u00bb background_last_edited=\u00bbon|desktop\u00bb background_image_tablet=\u00bbhttps:\/\/www.cdhandisport64.org\/wp-content\/uploads\/2023\/07\/dots-background-2.png\u00bb background_image_phone=\u00bbhttps:\/\/www.cdhandisport64.org\/wp-content\/uploads\/2023\/07\/dots-180&#215;180-1.png\u00bb background_enable_image_tablet=\u00bbon\u00bb background_enable_image_phone=\u00bbon\u00bb locked=\u00bboff\u00bb global_colors_info=\u00bb{}\u00bb][et_pb_row column_structure=\u00bb1_2,1_2&#8243; use_custom_gutter=\u00bbon\u00bb make_equal=\u00bbon\u00bb module_class=\u00bbone-column\u00bb _builder_version=\u00bb4.16&#8243; _module_preset=\u00bb7d9f62a9-f8e9-456c-a1a9-95b078c8f364&#8243; custom_padding=\u00bb15px||||false|false\u00bb global_colors_info=\u00bb{}\u00bb][et_pb_column type=\u00bb1_2&#8243; module_class=\u00bbone-column\u00bb _builder_version=\u00bb4.16&#8243; _module_preset=\u00bbdefault\u00bb custom_padding_tablet=\u00bb||||false|false\u00bb custom_padding_last_edited=\u00bboff|phone\u00bb animation_style=\u00bbslide\u00bb animation_direction=\u00bbleft\u00bb global_colors_info=\u00bb{}\u00bb][et_pb_image src=\u00bbhttps:\/\/www.cdhandisport64.org\/wp-content\/uploads\/2023\/07\/CDH64_Sport-en-etablissement.jpg\u00bb alt=\u00bbfitness 07&#8243; title_text=\u00bbCDH64_Sport en e\u0301tablissement\u00bb align_tablet=\u00bbcenter\u00bb align_phone=\u00bb\u00bb align_last_edited=\u00bbon|desktop\u00bb _builder_version=\u00bb4.21.0&#8243; _module_preset=\u00bbdefault\u00bb transform_translate_linked__hover=\u00bboff\u00bb hover_transition_duration=\u00bb500ms\u00bb box_shadow_style=\u00bbpreset3&#8243; global_colors_info=\u00bb{}\u00bb transform_styles__hover_enabled=\u00bbon|hover\u00bb transform_scale__hover_enabled=\u00bbon|hover\u00bb transform_translate__hover_enabled=\u00bbon|desktop\u00bb transform_rotate__hover_enabled=\u00bbon|desktop\u00bb transform_skew__hover_enabled=\u00bbon|desktop\u00bb transform_origin__hover_enabled=\u00bbon|desktop\u00bb transform_translate__hover=\u00bb0px|-25px\u00bb][\/et_pb_image][\/et_pb_column][et_pb_column type=\u00bb1_2&#8243; module_class=\u00bbone-column\u00bb _builder_version=\u00bb4.16&#8243; _module_preset=\u00bbdefault\u00bb animation_style=\u00bbslide\u00bb animation_direction=\u00bbright\u00bb custom_css_main_element=\u00bbmargin:auto;\u00bb global_colors_info=\u00bb{}\u00bb][et_pb_text module_class=\u00bbone-column-header\u00bb _builder_version=\u00bb4.21.0&#8243; _module_preset=\u00bbdefault\u00bb text_font=\u00bb|700|||||||\u00bb text_text_color=\u00bb#ffffff\u00bb text_font_size=\u00bb30px\u00bb header_font=\u00bbBarlow Condensed|300|||||||\u00bb header_text_color=\u00bb#ffffff\u00bb header_font_size=\u00bb68px\u00bb header_line_height=\u00bb0.9em\u00bb header_2_font=\u00bbBarlow Condensed|600|||||||\u00bb header_2_text_align=\u00bbleft\u00bb header_2_text_color=\u00bb#141827&#8243; header_2_font_size=\u00bb52px\u00bb header_2_line_height=\u00bb1.2em\u00bb header_3_font=\u00bbBarlow Condensed||||||||\u00bb header_4_font=\u00bbBarlow Condensed||||||||\u00bb header_5_font=\u00bbBarlow Condensed||||||||\u00bb header_6_font=\u00bbBarlow Condensed||||||||\u00bb text_orientation=\u00bbcenter\u00bb text_font_size_tablet=\u00bb\u00bb text_font_size_phone=\u00bb20px\u00bb text_font_size_last_edited=\u00bbon|desktop\u00bb header_font_size_tablet=\u00bb64px\u00bb header_font_size_phone=\u00bb56px\u00bb header_font_size_last_edited=\u00bbon|phone\u00bb header_2_font_size_tablet=\u00bb\u00bb header_2_font_size_phone=\u00bb38px\u00bb header_2_font_size_last_edited=\u00bbon|phone\u00bb global_colors_info=\u00bb{}\u00bb header_2_2_font_size_phone=\u00bb36px\u00bb header_3_2_font_size_phone=\u00bb36px\u00bb header_4_2_font_size_phone=\u00bb36px\u00bb header_5_2_font_size_phone=\u00bb36px\u00bb header_6_2_font_size_phone=\u00bb36px\u00bb header_2_2_font_size_last_edited=\u00bbon|phone\u00bb header_3_2_font_size_last_edited=\u00bbon|phone\u00bb header_4_2_font_size_last_edited=\u00bbon|phone\u00bb header_5_2_font_size_last_edited=\u00bbon|phone\u00bb header_6_2_font_size_last_edited=\u00bbon|phone\u00bb]<\/p>\n<h2>Actividades <span style=\"color: #17bdfb;\">propuestas<br \/><\/span><\/h2>\n<p>[\/et_pb_text][et_pb_text _builder_version=\u00bb4.21.0&#8243; _module_preset=\u00bbdefault\u00bb text_font=\u00bbRoboto||||||||\u00bb text_text_color=\u00bb#000000&#8243; text_font_size=\u00bb18px\u00bb ul_font=\u00bbRoboto||||||||\u00bb ul_font_size=\u00bb18px\u00bb global_colors_info=\u00bb{}\u00bb background__hover_enabled=\u00bbon|desktop\u00bb]<\/p>\n<ul>\n<li>Curling<\/li>\n<li>Boccia<\/li>\n<li>Bolos m\u00f3viles<\/li>\n<li>Cerbatana<\/li>\n<li>Bici-silla<\/li>\n<li>Carrera de orientaci\u00f3n<\/li>\n<li>Juegos de precisi\u00f3n<\/li>\n<li>F\u00fatbol en silla de ruedas el\u00e9ctrica<\/li>\n<li>Juegos en silla de ruedas manual<\/li>\n<li>Torball\/goalball<\/li>\n<li>Juegos con balones<\/li>\n<\/ul>\n<p>[\/et_pb_text][et_pb_button button_url=\u00bb@ET-DC@eyJkeW5hbWljIjp0cnVlLCJjb250ZW50IjoicG9zdF9saW5rX3VybF9wYWdlIiwic2V0dGluZ3MiOnsicG9zdF9pZCI6Ijg3MSJ9fQ==@\u00bb button_text=\u00bbContacto\u00bb button_alignment=\u00bbleft\u00bb _builder_version=\u00bb4.21.0&#8243; _dynamic_attributes=\u00bbbutton_url\u00bb _module_preset=\u00bbdefault\u00bb custom_button=\u00bbon\u00bb button_text_size=\u00bb14px\u00bb button_text_color=\u00bb#141827&#8243; button_bg_color=\u00bb#17bdfb\u00bb button_border_width=\u00bb0px\u00bb button_border_color=\u00bb#ffffff\u00bb button_letter_spacing=\u00bb1px\u00bb button_font=\u00bbRoboto|600||on|||||\u00bb button_use_icon=\u00bboff\u00bb custom_margin=\u00bb22px||\u00bb custom_padding=\u00bb17px|30px|17px|30px|true|true\u00bb locked=\u00bboff\u00bb global_colors_info=\u00bb{}\u00bb button_bg_color__hover_enabled=\u00bbon|desktop\u00bb button_bg_color__hover=\u00bb#17bdfb\u00bb button_letter_spacing__hover_enabled=\u00bbon|hover\u00bb button_letter_spacing__hover=\u00bb2px\u00bb button_border_color__hover_enabled=\u00bbon|hover\u00bb button_border_color__hover=\u00bb#545454&#8243; button_text_color__hover_enabled=\u00bbon|hover\u00bb button_text_color__hover=\u00bb#141827&#8243;][\/et_pb_button][\/et_pb_column][\/et_pb_row][\/et_pb_section][et_pb_section fb_built=\u00bb1&#8243; admin_label=\u00bbContent #2&#8243; _builder_version=\u00bb4.16&#8243; _module_preset=\u00bb57977f59-6b57-48c3-a9b2-37269e4e1fe8&#8243; background_color=\u00bb#141827&#8243; background_enable_image=\u00bboff\u00bb custom_padding=\u00bb0px||0px|\u00bb bottom_divider_color=\u00bb#7CDA24&#8243; bottom_divider_height=\u00bb20px\u00bb bottom_divider_arrangement=\u00bbabove_content\u00bb locked=\u00bboff\u00bb collapsed=\u00bbon\u00bb global_colors_info=\u00bb{}\u00bb][et_pb_row column_structure=\u00bb1_2,1_2&#8243; use_custom_gutter=\u00bbon\u00bb gutter_width=\u00bb0&#8243; make_equal=\u00bbon\u00bb admin_label=\u00bbStudio Membership Area\u00bb module_class=\u00bb et_pb_row_fullwidth\u00bb _builder_version=\u00bb4.21.0&#8243; _module_preset=\u00bb7d9f62a9-f8e9-456c-a1a9-95b078c8f364&#8243; width=\u00bb100%\u00bb width_tablet=\u00bb100%\u00bb width_phone=\u00bb\u00bb width_last_edited=\u00bbon|desktop\u00bb max_width=\u00bb100%\u00bb max_width_tablet=\u00bb100%\u00bb max_width_phone=\u00bb\u00bb max_width_last_edited=\u00bbon|desktop\u00bb custom_margin=\u00bb|||\u00bb custom_padding=\u00bb0px||0px|\u00bb make_fullwidth=\u00bbon\u00bb global_colors_info=\u00bb{}\u00bb][et_pb_column type=\u00bb1_2&#8243; _builder_version=\u00bb4.21.0&#8243; _module_preset=\u00bbdefault\u00bb background_color=\u00bb#141827&#8243; background_repeat=\u00bbrepeat\u00bb custom_padding=\u00bb6%|5%|6%|5%|true|false\u00bb custom_padding_tablet=\u00bb|10%||10%|false|true\u00bb custom_padding_phone=\u00bb10%|10%|10%|10%|true|true\u00bb custom_padding_last_edited=\u00bbon|desktop\u00bb animation_style=\u00bbslide\u00bb animation_direction=\u00bbleft\u00bb hover_transition_duration=\u00bb500ms\u00bb global_colors_info=\u00bb{}\u00bb custom_padding__hover=\u00bb|||\u00bb background__hover_enabled=\u00bboff|desktop\u00bb background_enable_color__hover=\u00bboff\u00bb][et_pb_text admin_label=\u00bb1&#8243; _builder_version=\u00bb4.21.0&#8243; _module_preset=\u00bbdefault\u00bb text_font=\u00bb||||||||\u00bb header_font=\u00bbBarlow Condensed|300|||||||\u00bb header_text_color=\u00bb#ffffff\u00bb header_font_size=\u00bb68px\u00bb header_line_height=\u00bb0.9em\u00bb header_2_font=\u00bbBarlow Condensed|600|||||||\u00bb header_2_text_align=\u00bbleft\u00bb header_2_text_color=\u00bb#FFFFFF\u00bb header_2_font_size=\u00bb52px\u00bb header_2_line_height=\u00bb1.2em\u00bb header_3_font=\u00bbBarlow Condensed||||||||\u00bb header_4_font=\u00bbBarlow Condensed||||||||\u00bb header_5_font=\u00bbBarlow Condensed||||||||\u00bb header_6_font=\u00bbBarlow Condensed||||||||\u00bb background_layout=\u00bbdark\u00bb custom_margin_tablet=\u00bb\u00bb custom_margin_phone=\u00bb\u00bb custom_margin_last_edited=\u00bbon|desktop\u00bb animation_direction=\u00bbleft\u00bb header_font_size_tablet=\u00bb64px\u00bb header_font_size_phone=\u00bb56px\u00bb header_font_size_last_edited=\u00bbon|phone\u00bb header_2_font_size_tablet=\u00bb\u00bb header_2_font_size_phone=\u00bb38px\u00bb header_2_font_size_last_edited=\u00bbon|phone\u00bb locked=\u00bboff\u00bb global_colors_info=\u00bb{}\u00bb header_2_2_font_size_phone=\u00bb36px\u00bb header_3_2_font_size_phone=\u00bb36px\u00bb header_4_2_font_size_phone=\u00bb36px\u00bb header_5_2_font_size_phone=\u00bb36px\u00bb header_6_2_font_size_phone=\u00bb36px\u00bb header_2_2_font_size_last_edited=\u00bbon|phone\u00bb header_3_2_font_size_last_edited=\u00bbon|phone\u00bb header_4_2_font_size_last_edited=\u00bbon|phone\u00bb header_5_2_font_size_last_edited=\u00bbon|phone\u00bb header_6_2_font_size_last_edited=\u00bbon|phone\u00bb]<\/p>\n<h2>Ya trabajamos en los <span style=\"color: #17bdfb;\">siguientes lugares<br \/><\/span><\/h2>\n<p>[\/et_pb_text][et_pb_text _builder_version=\u00bb4.21.0&#8243; _module_preset=\u00bbdefault\u00bb text_font=\u00bbRoboto||||||||\u00bb text_text_color=\u00bb#FFFFFF\u00bb text_font_size=\u00bb18px\u00bb text_line_height=\u00bb1.8em\u00bb header_font=\u00bbBarlow Condensed|300|||||||\u00bb header_text_color=\u00bb#ffffff\u00bb header_font_size=\u00bb68px\u00bb header_line_height=\u00bb0.9em\u00bb header_2_font=\u00bbBarlow Condensed||||||||\u00bb header_3_font=\u00bbBarlow Condensed||||||||\u00bb header_4_font=\u00bbBarlow Condensed||||||||\u00bb header_5_font=\u00bbBarlow Condensed||||||||\u00bb header_6_font=\u00bbBarlow Condensed||||||||\u00bb custom_margin=\u00bb8px|||\u00bb animation_direction=\u00bbleft\u00bb header_font_size_tablet=\u00bb64px\u00bb header_font_size_phone=\u00bb56px\u00bb header_font_size_last_edited=\u00bbon|phone\u00bb custom_css_main_element=\u00bbfont-weight:400;\u00bb locked=\u00bboff\u00bb global_colors_info=\u00bb{}\u00bb]Centro H\u00e9rauritz, todos los jueves por la ma\u00f1ana de 10:00 a 12:00, con 3 grupos de 6 personas Adultos de la MAS (Casa de acogida especializada) y j\u00f3venes del IEM (Instituto m\u00e9dico-educativo) y SESSAD (Servicios de educaci\u00f3n especial y de cuidados a domicilio) <\/p>\n<p>Residencia de ancianos de Salies de B\u00e9arn, todos los jueves por la tarde de 15:00 a 17:00 horas, con dos grupos de 10 personas.[\/et_pb_text][et_pb_button button_url=\u00bb@ET-DC@eyJkeW5hbWljIjp0cnVlLCJjb250ZW50IjoicG9zdF9saW5rX3VybF9wYWdlIiwic2V0dGluZ3MiOnsicG9zdF9pZCI6Ijg3MSJ9fQ==@\u00bb button_text=\u00bbContacto\u00bb button_alignment=\u00bbleft\u00bb _builder_version=\u00bb4.21.0&#8243; _dynamic_attributes=\u00bbbutton_url\u00bb _module_preset=\u00bbdefault\u00bb custom_button=\u00bbon\u00bb button_text_size=\u00bb14px\u00bb button_text_color=\u00bb#141827&#8243; button_bg_color=\u00bb#17bdfb\u00bb button_border_width=\u00bb0px\u00bb button_border_color=\u00bb#ffffff\u00bb button_letter_spacing=\u00bb1px\u00bb button_font=\u00bbRoboto|600||on|||||\u00bb button_use_icon=\u00bboff\u00bb custom_margin=\u00bb22px||\u00bb custom_padding=\u00bb17px|30px|17px|30px|true|true\u00bb global_colors_info=\u00bb{}\u00bb button_bg_color__hover_enabled=\u00bbon|desktop\u00bb button_bg_color__hover=\u00bb#17bdfb\u00bb button_letter_spacing__hover_enabled=\u00bbon|hover\u00bb button_letter_spacing__hover=\u00bb2px\u00bb button_border_color__hover_enabled=\u00bbon|hover\u00bb button_border_color__hover=\u00bb#545454&#8243; button_text_color__hover_enabled=\u00bbon|hover\u00bb button_text_color__hover=\u00bb#141827&#8243;][\/et_pb_button][\/et_pb_column][et_pb_column type=\u00bb1_2&#8243; _builder_version=\u00bb4.21.0&#8243; _module_preset=\u00bbdefault\u00bb background_enable_color=\u00bboff\u00bb use_background_color_gradient=\u00bbon\u00bb background_color_gradient_direction=\u00bb150deg\u00bb background_color_gradient_stops=\u00bbrgba(0,0,0,0.38) 17%|rgba(0,0,0,0) 89%\u00bb background_color_gradient_overlays_image=\u00bbon\u00bb background_color_gradient_start=\u00bbrgba(0,0,0,0.5)\u00bb background_color_gradient_start_position=\u00bb100%\u00bb background_color_gradient_end=\u00bbrgba(0,0,0,0)\u00bb background_image=\u00bbhttps:\/\/www.cdhandisport64.org\/wp-content\/uploads\/2023\/09\/Herauritz-sport-en-etablissement.jpeg\u00bb background_position=\u00bbcenter_left\u00bb custom_padding=\u00bb|||\u00bb animation_style=\u00bbslide\u00bb animation_direction=\u00bbright\u00bb animation_intensity_slide=\u00bb30%\u00bb global_colors_info=\u00bb{}\u00bb custom_padding__hover=\u00bb|||\u00bb][et_pb_divider show_divider=\u00bboff\u00bb disabled_on=\u00bboff|off|on\u00bb _builder_version=\u00bb4.21.0&#8243; _module_preset=\u00bbdefault\u00bb height=\u00bb400px\u00bb height_tablet=\u00bb400px\u00bb height_phone=\u00bb260px\u00bb height_last_edited=\u00bbon|phone\u00bb locked=\u00bboff\u00bb global_colors_info=\u00bb{}\u00bb][\/et_pb_divider][\/et_pb_column][\/et_pb_row][\/et_pb_section]<\/p>\n","protected":false},"excerpt":{"rendered":"<p>Deporte en establecimientosNuestras ofertas deportivas en establecimientosEl CDH64 interviene de forma peri\u00f3dica en determinados establecimientos m\u00e9dico-sociales del territorio para proponer actividades deportivas adaptadas a personas con discapacidad motora y sensorial, y\/o a personas con pluridiscapacidad y\/o con limitaciones f\u00edsicas importantes. Se ofrecen muchas actividades colaborativas l\u00fadicas y adaptadas, resaltando las habilidades de cada individuo en un ambiente positivo y din\u00e1mico&#8230;Actividades propuestas Curling Boccia Bolos m\u00f3viles Cerbatana Bici-silla Carrera de orientaci\u00f3n Juegos de precisi\u00f3n F\u00fatbol en silla de ruedas el\u00e9ctrica Juegos en silla de ruedas manual Torball\/goalball Juegos con balones Ya trabajamos en los siguientes lugaresCentro H\u00e9rauritz, todos los jueves por la ma\u00f1ana de 10:00 a 12:00, con 3 grupos de 6 personas Adultos de la MAS (Casa de acogida especializada) y j\u00f3venes del IEM (Instituto m\u00e9dico-educativo) y SESSAD (Servicios de educaci\u00f3n especial y de cuidados a domicilio) Residencia de ancianos de Salies de B\u00e9arn, todos los jueves por la tarde de 15:00 a 17:00 horas, con dos grupos de 10 personas.<\/p>\n","protected":false},"author":1,"featured_media":0,"parent":0,"menu_order":0,"comment_status":"closed","ping_status":"closed","template":"","meta":{"_et_pb_use_builder":"on","_et_pb_old_content":"","_et_gb_content_width":"","footnotes":""},"class_list":["post-1647","page","type-page","status-publish","hentry"],"_links":{"self":[{"href":"https:\/\/www.cdhandisport64.org\/es\/wp-json\/wp\/v2\/pages\/1647","targetHints":{"allow":["GET"]}}],"collection":[{"href":"https:\/\/www.cdhandisport64.org\/es\/wp-json\/wp\/v2\/pages"}],"about":[{"href":"https:\/\/www.cdhandisport64.org\/es\/wp-json\/wp\/v2\/types\/page"}],"author":[{"embeddable":true,"href":"https:\/\/www.cdhandisport64.org\/es\/wp-json\/wp\/v2\/users\/1"}],"replies":[{"embeddable":true,"href":"https:\/\/www.cdhandisport64.org\/es\/wp-json\/wp\/v2\/comments?post=1647"}],"version-history":[{"count":7,"href":"https:\/\/www.cdhandisport64.org\/es\/wp-json\/wp\/v2\/pages\/1647\/revisions"}],"predecessor-version":[{"id":1696,"href":"https:\/\/www.cdhandisport64.org\/es\/wp-json\/wp\/v2\/pages\/1647\/revisions\/1696"}],"wp:attachment":[{"href":"https:\/\/www.cdhandisport64.org\/es\/wp-json\/wp\/v2\/media?parent=1647"}],"curies":[{"name":"wp","href":"https:\/\/api.w.org\/{rel}","templated":true}]}}