{"id":1562,"date":"2023-07-24T22:53:44","date_gmt":"2023-07-24T20:53:44","guid":{"rendered":"https:\/\/gdrf-studio.com\/cdh64test\/activite-physique-adaptee-sport-sante-a-lons\/"},"modified":"2023-10-01T13:29:42","modified_gmt":"2023-10-01T11:29:42","slug":"activite-physique-adaptee-sport-sante-a-lons","status":"publish","type":"page","link":"https:\/\/www.cdhandisport64.org\/eu\/activite-physique-adaptee-sport-sante-a-lons\/","title":{"rendered":"Jarduera f\u00edsiko egokitua (Activit\u00e9 Physique Adapt\u00e9e Handisport) &#8211; Kirola eta osasuna Lons-en"},"content":{"rendered":"<p>[et_pb_section fb_built=&#8221;1&#8243; custom_padding_last_edited=&#8221;on|phone&#8221; next_background_color=&#8221;#ffffff&#8221; admin_label=&#8221;Header&#8221; _builder_version=&#8221;4.21.0&#8243; use_background_color_gradient=&#8221;on&#8221; background_color_gradient_direction=&#8221;165deg&#8221; background_color_gradient_stops=&#8221;rgba(46,44,126,0.35) 1%|#000000 100%&#8221; background_color_gradient_overlays_image=&#8221;on&#8221; background_color_gradient_start=&#8221;rgba(38,45,63,0.67)&#8221; background_color_gradient_end=&#8221;#262d3f&#8221; background_image=&#8221;https:\/\/www.cdhandisport64.org\/wp-content\/uploads\/2023\/07\/CDH64_Sport-sante-APA.jpg&#8221; custom_padding=&#8221;10vw||10vw||true|false&#8221; custom_padding_tablet=&#8221;115px||115px||true|false&#8221; custom_padding_phone=&#8221;30px||10px||false|false&#8221; bottom_divider_style=&#8221;ramp&#8221; bottom_divider_height=&#8221;6vw&#8221; bottom_divider_flip=&#8221;horizontal&#8221; global_colors_info=&#8221;{}&#8221;][et_pb_row _builder_version=&#8221;4.22.1&#8243; hover_enabled=&#8221;0&#8243; global_colors_info=&#8221;{}&#8221; sticky_enabled=&#8221;0&#8243;][et_pb_column type=&#8221;4_4&#8243; _builder_version=&#8221;4.16&#8243; custom_padding=&#8221;|||&#8221; global_colors_info=&#8221;{}&#8221; custom_padding__hover=&#8221;|||&#8221;][et_pb_text content_tablet=&#8221;<\/p>\n<h1>Divi <strong><span style=%22color: #17bdfb;%22>Gym<\/span><\/strong> Layout<\/h1>\n<p>&#8221; content_last_edited=&#8221;off|phone&#8221; _builder_version=&#8221;4.22.1&#8243; _module_preset=&#8221;default&#8221; text_font=&#8221;||||||||&#8221; text_text_color=&#8221;#ffffff&#8221; header_font=&#8221;Barlow Condensed|500|||||||&#8221; header_text_align=&#8221;center&#8221; header_text_color=&#8221;#ffffff&#8221; header_font_size=&#8221;90px&#8221; header_line_height=&#8221;1.1em&#8221; header_2_font=&#8221;Barlow Condensed|600|||||||&#8221; header_3_font=&#8221;Barlow Condensed||||||||&#8221; header_4_font=&#8221;Barlow Condensed||||||||&#8221; header_5_font=&#8221;Barlow Condensed||||||||&#8221; header_6_font=&#8221;Barlow Condensed||||||||&#8221; custom_margin=&#8221;-33px|||&#8221; custom_padding=&#8221;18px||18px||true&#8221; custom_padding_tablet=&#8221;&#8221; custom_padding_phone=&#8221;25px||25px||true|false&#8221; custom_padding_last_edited=&#8221;on|phone&#8221; hover_enabled=&#8221;0&#8243; header_font_size_tablet=&#8221;65px&#8221; header_font_size_phone=&#8221;32px&#8221; header_font_size_last_edited=&#8221;on|phone&#8221; locked=&#8221;off&#8221; global_colors_info=&#8221;{}&#8221; sticky_enabled=&#8221;0&#8243;]<\/p>\n<h1>Jarduera f\u00edsiko egokitua (Activit\u00e9 Physique Adapt\u00e9e Handisport) &#8211; Kirola eta osasuna<br \/>\n<span style=\"color: #17bdfb; font-weight: 600;\">Lons-en<br \/><\/span><\/h1>\n<p>[\/et_pb_text][\/et_pb_column][\/et_pb_row][\/et_pb_section][et_pb_section fb_built=&#8221;1&#8243; _builder_version=&#8221;4.22.1&#8243; _module_preset=&#8221;57977f59-6b57-48c3-a9b2-37269e4e1fe8&#8243; background_image=&#8221;https:\/\/www.cdhandisport64.org\/wp-content\/uploads\/2023\/07\/dots.png&#8221; background_size=&#8221;initial&#8221; background_position=&#8221;top_left&#8221; custom_padding=&#8221;35px|0px|10px|0px|false|false&#8221; hover_enabled=&#8221;0&#8243; background_last_edited=&#8221;on|phone&#8221; background_image_tablet=&#8221;https:\/\/www.cdhandisport64.org\/wp-content\/uploads\/2023\/07\/dots-background-2.png&#8221; background_image_phone=&#8221;https:\/\/www.cdhandisport64.org\/wp-content\/uploads\/2023\/07\/dots-180&#215;180-1.png&#8221; background_enable_image_tablet=&#8221;on&#8221; background_enable_image_phone=&#8221;on&#8221; locked=&#8221;off&#8221; global_colors_info=&#8221;{}&#8221; custom_padding_last_edited=&#8221;on|phone&#8221; custom_padding_phone=&#8221;10px|0px|10px|0px|false|false&#8221; sticky_enabled=&#8221;0&#8243; custom_padding_tablet=&#8221;35px|0px|10px|0px|false|false&#8221;][et_pb_row _builder_version=&#8221;4.16&#8243; _module_preset=&#8221;7d9f62a9-f8e9-456c-a1a9-95b078c8f364&#8243; custom_padding=&#8221;15px|0px||0px|false|false&#8221; global_colors_info=&#8221;{}&#8221;][et_pb_column type=&#8221;4_4&#8243; _builder_version=&#8221;4.16&#8243; _module_preset=&#8221;default&#8221; custom_padding=&#8221;|||&#8221; global_colors_info=&#8221;{}&#8221; custom_padding__hover=&#8221;|||&#8221;][et_pb_text _builder_version=&#8221;4.22.1&#8243; _module_preset=&#8221;default&#8221; text_font=&#8221;|700|||||||&#8221; text_text_color=&#8221;#ffffff&#8221; text_font_size=&#8221;30px&#8221; header_font=&#8221;Barlow Condensed|300|||||||&#8221; header_text_color=&#8221;#ffffff&#8221; header_font_size=&#8221;68px&#8221; header_line_height=&#8221;0.9em&#8221; header_2_font=&#8221;Barlow Condensed|600|||||||&#8221; header_2_text_align=&#8221;center&#8221; header_2_text_color=&#8221;#141827&#8243; header_2_font_size=&#8221;52px&#8221; header_2_line_height=&#8221;1.2em&#8221; header_3_font=&#8221;Barlow Condensed|600|||||||&#8221; header_3_text_align=&#8221;center&#8221; header_3_text_color=&#8221;#141827&#8243; header_3_font_size=&#8221;52px&#8221; header_3_line_height=&#8221;1.2em&#8221; header_4_font=&#8221;Barlow Condensed||||||||&#8221; header_5_font=&#8221;Barlow Condensed||||||||&#8221; header_6_font=&#8221;Barlow Condensed||||||||&#8221; text_orientation=&#8221;center&#8221; hover_enabled=&#8221;0&#8243; text_font_size_tablet=&#8221;&#8221; text_font_size_phone=&#8221;20px&#8221; text_font_size_last_edited=&#8221;on|desktop&#8221; header_font_size_tablet=&#8221;64px&#8221; header_font_size_phone=&#8221;56px&#8221; header_font_size_last_edited=&#8221;on|phone&#8221; header_2_text_align_tablet=&#8221;left&#8221; header_2_text_align_phone=&#8221;&#8221; header_2_text_align_last_edited=&#8221;on|tablet&#8221; header_2_font_size_tablet=&#8221;&#8221; header_2_font_size_phone=&#8221;46px&#8221; header_2_font_size_last_edited=&#8221;on|phone&#8221; header_3_text_align_tablet=&#8221;left&#8221; header_3_text_align_phone=&#8221;left&#8221; header_3_text_align_last_edited=&#8221;on|tablet&#8221; header_3_font_size_tablet=&#8221;52px&#8221; header_3_font_size_phone=&#8221;38px&#8221; header_3_font_size_last_edited=&#8221;on|phone&#8221; locked=&#8221;off&#8221; global_colors_info=&#8221;{}&#8221; header_2_2_font_size_phone=&#8221;36px&#8221; header_3_2_font_size_phone=&#8221;36px&#8221; header_4_2_font_size_phone=&#8221;36px&#8221; header_5_2_font_size_phone=&#8221;36px&#8221; header_6_2_font_size_phone=&#8221;36px&#8221; header_2_2_font_size_last_edited=&#8221;on|phone&#8221; header_3_2_font_size_last_edited=&#8221;on|phone&#8221; header_4_2_font_size_last_edited=&#8221;on|phone&#8221; header_5_2_font_size_last_edited=&#8221;on|phone&#8221; header_6_2_font_size_last_edited=&#8221;on|phone&#8221; sticky_enabled=&#8221;0&#8243;]<\/p>\n<h3>Gure <span style=\"color: #17bdfb;\">programa<br \/><\/span><\/h3>\n<p>[\/et_pb_text][et_pb_text _builder_version=&#8221;4.21.0&#8243; _module_preset=&#8221;default&#8221; text_font=&#8221;Roboto||||||||&#8221; text_text_color=&#8221;#141827&#8243; text_font_size=&#8221;18px&#8221; text_line_height=&#8221;1.8em&#8221; header_font=&#8221;Barlow Condensed|300|||||||&#8221; header_text_color=&#8221;#ffffff&#8221; header_font_size=&#8221;68px&#8221; header_line_height=&#8221;0.9em&#8221; header_2_font=&#8221;Barlow Condensed||||||||&#8221; header_3_font=&#8221;Barlow Condensed||||||||&#8221; header_4_font=&#8221;Barlow Condensed||||||||&#8221; header_5_font=&#8221;Barlow Condensed||||||||&#8221; header_6_font=&#8221;Barlow Condensed||||||||&#8221; text_orientation=&#8221;center&#8221; max_width=&#8221;70%&#8221; max_width_tablet=&#8221;100%&#8221; max_width_phone=&#8221;100%&#8221; max_width_last_edited=&#8221;on|phone&#8221; module_alignment=&#8221;center&#8221; custom_margin=&#8221;-13px||&#8221; custom_padding=&#8221;0px||&#8221; header_font_size_tablet=&#8221;64px&#8221; header_font_size_phone=&#8221;56px&#8221; header_font_size_last_edited=&#8221;on|phone&#8221; text_orientation_tablet=&#8221;left&#8221; text_orientation_phone=&#8221;&#8221; text_orientation_last_edited=&#8221;on|tablet&#8221; custom_css_main_element=&#8221;font-weight:400;&#8221; global_colors_info=&#8221;{}&#8221;]Saio hauek irekiak eta egokituak dira mugimendu eta zentzumen desgaitasuna duten eta\/edo gaixotasun kroniko\/degeneratibo bat duten pertsona guztientzat.<\/p>\n<p>Oinez ibili ahal bazara, eskuzko gurpil-aulkiarekin edo gurpil-aulki elektrikoarekin mugitzen bazara, ikusmen-urritasuna baduzu edo itsua bazara, giro atsegin batean, asteroko jarduera kolektibo dibertigarrietan parte hartzeko aukera eskaintzen dizugu, zure osasun-egoera eta ongizatea hobetzeko asmoz.<\/p>\n<p>Urtean bitan ebaluazioak egiten ditugu, zure oreka, malgutasuna, indarra eta erresistentziaren jarraipena egiteko.[\/et_pb_text][\/et_pb_column][\/et_pb_row][\/et_pb_section][et_pb_section fb_built=&#8221;1&#8243; _builder_version=&#8221;4.22.1&#8243; _module_preset=&#8221;default&#8221; background_enable_color=&#8221;off&#8221; custom_margin=&#8221;|50px|45px|50px|false|true&#8221; custom_margin_tablet=&#8221;|50px|45px|50px|false|true&#8221; custom_margin_phone=&#8221;|30px|45px|30px|false|true&#8221; custom_margin_last_edited=&#8221;on|phone&#8221; custom_padding=&#8221;0px||0px||true|false&#8221; border_radii=&#8221;on|18px|18px|18px|18px&#8221; box_shadow_style=&#8221;preset1&#8243; box_shadow_color=&#8221;rgba(0,0,0,0.2)&#8221; locked=&#8221;off&#8221; global_colors_info=&#8221;{}&#8221;][et_pb_row column_structure=&#8221;1_4,1_4,1_4,1_4&#8243; use_custom_gutter=&#8221;on&#8221; gutter_width=&#8221;1&#8243; make_equal=&#8221;on&#8221; _builder_version=&#8221;4.21.0&#8243; _module_preset=&#8221;default&#8221; width=&#8221;100%&#8221; max_width=&#8221;100%&#8221; custom_margin=&#8221;||||false|false&#8221; custom_padding=&#8221;0px||0px||true|false&#8221; global_colors_info=&#8221;{}&#8221;][et_pb_column type=&#8221;1_4&#8243; _builder_version=&#8221;4.22.1&#8243; _module_preset=&#8221;default&#8221; background_color=&#8221;gcid-d52748ab-9589-4154-b821-28a8ccad2ce6&#8243; custom_padding=&#8221;0px|40px|0px|40px|true|true&#8221; custom_padding_tablet=&#8221;0px|40px|0px|40px|true|true&#8221; custom_padding_phone=&#8221;20px|10px|40px|10px|false|true&#8221; custom_padding_last_edited=&#8221;on|phone&#8221; animation_style=&#8221;slide&#8221; animation_direction=&#8221;bottom&#8221; global_colors_info=&#8221;{%22gcid-d52748ab-9589-4154-b821-28a8ccad2ce6%22:%91%22background_color%22%93}&#8221;][et_pb_blurb title=&#8221;Tokia&#8221; use_icon=&#8221;on&#8221; font_icon=&#8221;&#xe081;||divi||400&#8243; icon_color=&#8221;gcid-f2493905-b5ad-49a2-8315-6db65c89bfb5&#8243; icon_placement=&#8221;left&#8221; image_icon_width=&#8221;30px&#8221; content_max_width=&#8221;100%&#8221; _builder_version=&#8221;4.21.0&#8243; _module_preset=&#8221;a2a484eb-efdb-4f10-b42f-f9bd75d2a965&#8243; header_font=&#8221;Barlow Condensed|600|||||||&#8221; header_text_color=&#8221;gcid-f2493905-b5ad-49a2-8315-6db65c89bfb5&#8243; header_font_size=&#8221;24px&#8221; header_line_height=&#8221;1.2em&#8221; body_font=&#8221;Roboto||||||||&#8221; body_text_color=&#8221;gcid-f2493905-b5ad-49a2-8315-6db65c89bfb5&#8243; body_font_size=&#8221;18px&#8221; body_line_height=&#8221;1.6em&#8221; width=&#8221;100%&#8221; custom_padding=&#8221;55px||55px||true|false&#8221; custom_padding_tablet=&#8221;&#8221; custom_padding_phone=&#8221;||10px||false|false&#8221; custom_padding_last_edited=&#8221;on|phone&#8221; animation=&#8221;off&#8221; custom_css_blurb_content=&#8221;font-weight:400;&#8221; border_width_top_image=&#8221;4px&#8221; border_color_top_image=&#8221;rgba(0,0,0,0)&#8221; border_width_right_image=&#8221;9px&#8221; border_color_right_image=&#8221;rgba(0,0,0,0)&#8221; icon_font_size=&#8221;30px&#8221; locked=&#8221;off&#8221; global_colors_info=&#8221;{%22gcid-f2493905-b5ad-49a2-8315-6db65c89bfb5%22:%91%22icon_color%22,%22header_text_color%22,%22body_text_color%22,%22icon_color%22,%22header_text_color%22%93,%22gcid-9743d87f-95c0-4d64-8f08-d65d0c12a100%22:%91%22body_text_color%22%93,%22gcid-8a68e07a-9bf7-4007-b38c-250b5f94308c%22:%91%22icon_color%22%93}&#8221;]<\/p>\n<p>Salle G\u00e9rard Forgues<br \/>Avenue de Pau<br \/>64140 Lons<\/p>\n<p>[\/et_pb_blurb][\/et_pb_column][et_pb_column type=&#8221;1_4&#8243; _builder_version=&#8221;4.22.1&#8243; _module_preset=&#8221;default&#8221; background_color=&#8221;gcid-839a7cc2-cc66-4996-a117-8eccde53d398&#8243; custom_padding=&#8221;0px|40px|0px|40px|true|true&#8221; custom_padding_tablet=&#8221;0px|40px|0px|40px|true|true&#8221; custom_padding_phone=&#8221;0px|10px|40px|10px|false|true&#8221; custom_padding_last_edited=&#8221;on|phone&#8221; animation_style=&#8221;slide&#8221; animation_direction=&#8221;bottom&#8221; animation_duration=&#8221;1250ms&#8221; animation_delay=&#8221;250ms&#8221; global_colors_info=&#8221;{%22gcid-839a7cc2-cc66-4996-a117-8eccde53d398%22:%91%22background_color%22%93}&#8221;][et_pb_blurb title=&#8221;Saioak&#8221; use_icon=&#8221;on&#8221; font_icon=&#8221;&#xf073;||fa||900&#8243; icon_color=&#8221;gcid-f2493905-b5ad-49a2-8315-6db65c89bfb5&#8243; icon_placement=&#8221;left&#8221; image_icon_width=&#8221;30px&#8221; content_max_width=&#8221;100%&#8221; _builder_version=&#8221;4.21.0&#8243; _module_preset=&#8221;a2a484eb-efdb-4f10-b42f-f9bd75d2a965&#8243; header_font=&#8221;Barlow Condensed|600|||||||&#8221; header_text_color=&#8221;gcid-f2493905-b5ad-49a2-8315-6db65c89bfb5&#8243; header_font_size=&#8221;24px&#8221; header_line_height=&#8221;1.2em&#8221; body_font=&#8221;Roboto||||||||&#8221; body_text_color=&#8221;gcid-f2493905-b5ad-49a2-8315-6db65c89bfb5&#8243; body_font_size=&#8221;18px&#8221; body_line_height=&#8221;1.6em&#8221; width=&#8221;100%&#8221; custom_padding=&#8221;55px||55px||true|false&#8221; custom_padding_tablet=&#8221;&#8221; custom_padding_phone=&#8221;||10px||false|false&#8221; custom_padding_last_edited=&#8221;on|phone&#8221; animation=&#8221;off&#8221; custom_css_blurb_content=&#8221;font-weight:400;&#8221; border_width_top_image=&#8221;4px&#8221; border_color_top_image=&#8221;rgba(0,0,0,0)&#8221; border_width_right_image=&#8221;9px&#8221; border_color_right_image=&#8221;rgba(0,0,0,0)&#8221; icon_font_size=&#8221;30px&#8221; locked=&#8221;off&#8221; global_colors_info=&#8221;{%22gcid-f2493905-b5ad-49a2-8315-6db65c89bfb5%22:%91%22icon_color%22,%22header_text_color%22,%22body_text_color%22,%22icon_color%22,%22header_text_color%22%93,%22gcid-9743d87f-95c0-4d64-8f08-d65d0c12a100%22:%91%22body_text_color%22%93}&#8221;]<\/p>\n<p>Ostegunero 13:30etatik 15:00etara eta 15:00etatik 16:00etara (eskolako oporraldietatik kanpo)<\/p>\n<p>[\/et_pb_blurb][\/et_pb_column][et_pb_column type=&#8221;1_4&#8243; _builder_version=&#8221;4.22.1&#8243; _module_preset=&#8221;default&#8221; background_color=&#8221;#D6D6D6&#8243; custom_padding=&#8221;0px|40px|0px|40px|true|true&#8221; custom_padding_tablet=&#8221;0px|40px|0px|40px|true|true&#8221; custom_padding_phone=&#8221;0px|10px|40px|10px|false|true&#8221; custom_padding_last_edited=&#8221;on|phone&#8221; animation_style=&#8221;slide&#8221; animation_direction=&#8221;bottom&#8221; animation_duration=&#8221;1500ms&#8221; animation_delay=&#8221;500ms&#8221; background_color_tablet=&#8221;gcid-839a7cc2-cc66-4996-a117-8eccde53d398&#8243; background_color_phone=&#8221;gcid-d52748ab-9589-4154-b821-28a8ccad2ce6&#8243; background_last_edited=&#8221;on|tablet&#8221; background_enable_color_tablet=&#8221;on&#8221; background_enable_color_phone=&#8221;on&#8221; global_colors_info=&#8221;{%22gcid-839a7cc2-cc66-4996-a117-8eccde53d398%22:%91%22background_color%22,%22background_color%22%93,%22gcid-d52748ab-9589-4154-b821-28a8ccad2ce6%22:%91%22background_color%22%93}&#8221;][et_pb_blurb title=&#8221;Izen-ematea&#8221; use_icon=&#8221;on&#8221; font_icon=&#8221;&#xf153;||fa||900&#8243; icon_color=&#8221;gcid-f2493905-b5ad-49a2-8315-6db65c89bfb5&#8243; icon_placement=&#8221;left&#8221; image_icon_width=&#8221;30px&#8221; content_max_width=&#8221;100%&#8221; _builder_version=&#8221;4.21.0&#8243; _module_preset=&#8221;a2a484eb-efdb-4f10-b42f-f9bd75d2a965&#8243; header_font=&#8221;Barlow Condensed|600|||||||&#8221; header_text_color=&#8221;gcid-f2493905-b5ad-49a2-8315-6db65c89bfb5&#8243; header_font_size=&#8221;24px&#8221; header_line_height=&#8221;1.2em&#8221; body_font=&#8221;Roboto||||||||&#8221; body_text_color=&#8221;gcid-f2493905-b5ad-49a2-8315-6db65c89bfb5&#8243; body_font_size=&#8221;18px&#8221; body_line_height=&#8221;1.6em&#8221; width=&#8221;100%&#8221; custom_padding=&#8221;55px||55px||true|false&#8221; custom_padding_tablet=&#8221;&#8221; custom_padding_phone=&#8221;||10px||false|false&#8221; custom_padding_last_edited=&#8221;on|phone&#8221; animation=&#8221;off&#8221; custom_css_blurb_content=&#8221;font-weight:400;&#8221; border_width_top_image=&#8221;4px&#8221; border_color_top_image=&#8221;rgba(0,0,0,0)&#8221; border_width_right_image=&#8221;9px&#8221; border_color_right_image=&#8221;rgba(0,0,0,0)&#8221; icon_font_size=&#8221;30px&#8221; locked=&#8221;off&#8221; global_colors_info=&#8221;{%22gcid-f2493905-b5ad-49a2-8315-6db65c89bfb5%22:%91%22icon_color%22,%22header_text_color%22,%22body_text_color%22,%22icon_color%22,%22header_text_color%22%93,%22gcid-9743d87f-95c0-4d64-8f08-d65d0c12a100%22:%91%22body_text_color%22%93,%22gcid-8a68e07a-9bf7-4007-b38c-250b5f94308c%22:%91%22background_color%22%93}&#8221;]<\/p>\n<p><em><\/em>70 \u20ac, Handisport lizentzia eta urteko saioak barne.<\/p>\n<p>[\/et_pb_blurb][\/et_pb_column][et_pb_column type=&#8221;1_4&#8243; _builder_version=&#8221;4.22.1&#8243; _module_preset=&#8221;default&#8221; background_color=&#8221;#EFEFEF&#8221; custom_padding=&#8221;0px|40px|0px|40px|true|true&#8221; custom_padding_tablet=&#8221;0px|40px|0px|40px|true|true&#8221; custom_padding_phone=&#8221;0px|10px|40px|10px|false|true&#8221; custom_padding_last_edited=&#8221;on|phone&#8221; animation_style=&#8221;slide&#8221; animation_direction=&#8221;bottom&#8221; animation_duration=&#8221;1250ms&#8221; animation_delay=&#8221;250ms&#8221; background_color_tablet=&#8221;gcid-d52748ab-9589-4154-b821-28a8ccad2ce6&#8243; background_color_phone=&#8221;gcid-839a7cc2-cc66-4996-a117-8eccde53d398&#8243; background_last_edited=&#8221;on|tablet&#8221; background_enable_color_tablet=&#8221;on&#8221; background_enable_color_phone=&#8221;on&#8221; global_colors_info=&#8221;{%22gcid-839a7cc2-cc66-4996-a117-8eccde53d398%22:%91%22background_color%22,%22background_color%22,%22background_color%22%93}&#8221;][et_pb_blurb title=&#8221;Kontaktuak&#8221; use_icon=&#8221;on&#8221; font_icon=&#8221;&#xe00b;||divi||400&#8243; icon_color=&#8221;gcid-f2493905-b5ad-49a2-8315-6db65c89bfb5&#8243; icon_placement=&#8221;left&#8221; image_icon_width=&#8221;30px&#8221; content_max_width=&#8221;100%&#8221; _builder_version=&#8221;4.22.1&#8243; _module_preset=&#8221;a2a484eb-efdb-4f10-b42f-f9bd75d2a965&#8243; header_font=&#8221;Barlow Condensed|600|||||||&#8221; header_text_color=&#8221;gcid-f2493905-b5ad-49a2-8315-6db65c89bfb5&#8243; header_font_size=&#8221;24px&#8221; header_line_height=&#8221;1.2em&#8221; body_font=&#8221;Roboto||||||||&#8221; body_text_color=&#8221;gcid-f2493905-b5ad-49a2-8315-6db65c89bfb5&#8243; body_font_size=&#8221;18px&#8221; body_line_height=&#8221;1.6em&#8221; body_link_font=&#8221;||||on|||gcid-aa21a5c8-3373-4bed-b4ba-aa0e9cc96566|&#8221; width=&#8221;100%&#8221; custom_padding=&#8221;55px||55px||true|false&#8221; custom_padding_tablet=&#8221;&#8221; custom_padding_phone=&#8221;||10px||false|false&#8221; custom_padding_last_edited=&#8221;on|phone&#8221; animation=&#8221;off&#8221; custom_css_blurb_content=&#8221;font-weight:400;&#8221; border_width_top_image=&#8221;4px&#8221; border_color_top_image=&#8221;rgba(0,0,0,0)&#8221; border_width_right_image=&#8221;9px&#8221; border_color_right_image=&#8221;rgba(0,0,0,0)&#8221; icon_font_size=&#8221;30px&#8221; locked=&#8221;off&#8221; global_colors_info=&#8221;{%22gcid-f2493905-b5ad-49a2-8315-6db65c89bfb5%22:%91%22icon_color%22,%22header_text_color%22,%22body_text_color%22,%22icon_color%22,%22header_text_color%22%93,%22gcid-9743d87f-95c0-4d64-8f08-d65d0c12a100%22:%91%22body_text_color%22%93,%22gcid-8a68e07a-9bf7-4007-b38c-250b5f94308c%22:%91%22icon_color%22%93}&#8221;]<\/p>\n<p>Estelle Saint Aubin<br \/>06.06.46.65.31<br \/><a href=\"mailto:cd64@handisport.org\">cd64@handisport.org<\/a><\/p>\n<p>[\/et_pb_blurb][\/et_pb_column][\/et_pb_row][\/et_pb_section][et_pb_section fb_built=&#8221;1&#8243; _builder_version=&#8221;4.21.0&#8243; _module_preset=&#8221;default&#8221; custom_padding=&#8221;12px||19px|||&#8221; global_colors_info=&#8221;{}&#8221;][et_pb_row _builder_version=&#8221;4.21.0&#8243; _module_preset=&#8221;default&#8221; custom_padding=&#8221;15px|||||&#8221; locked=&#8221;off&#8221; global_colors_info=&#8221;{}&#8221;][et_pb_column type=&#8221;4_4&#8243; _builder_version=&#8221;4.21.0&#8243; _module_preset=&#8221;default&#8221; global_colors_info=&#8221;{}&#8221;][et_pb_button button_url=&#8221;@ET-DC@eyJkeW5hbWljIjp0cnVlLCJjb250ZW50IjoicG9zdF9saW5rX3VybF9wYWdlIiwic2V0dGluZ3MiOnsicG9zdF9pZCI6Ijg3MSJ9fQ==@&#8221; button_text=&#8221;Kontaktua&#8221; button_alignment=&#8221;center&#8221; _builder_version=&#8221;4.21.0&#8243; _dynamic_attributes=&#8221;button_url&#8221; _module_preset=&#8221;default&#8221; custom_button=&#8221;on&#8221; button_text_size=&#8221;14px&#8221; button_text_color=&#8221;#141827&#8243; button_bg_color=&#8221;#17bdfb&#8221; button_border_width=&#8221;0px&#8221; button_border_color=&#8221;#ffffff&#8221; button_letter_spacing=&#8221;1px&#8221; button_font=&#8221;Roboto|600||on|||||&#8221; button_use_icon=&#8221;off&#8221; custom_margin=&#8221;||&#8221; custom_padding=&#8221;17px|30px|17px|30px|true|true&#8221; locked=&#8221;off&#8221; global_colors_info=&#8221;{}&#8221; button_bg_color__hover_enabled=&#8221;on|desktop&#8221; button_bg_color__hover=&#8221;#17bdfb&#8221; button_letter_spacing__hover_enabled=&#8221;on|hover&#8221; button_letter_spacing__hover=&#8221;2px&#8221; button_border_color__hover_enabled=&#8221;on|hover&#8221; button_border_color__hover=&#8221;#545454&#8243; button_text_color__hover_enabled=&#8221;on|desktop&#8221; button_text_color__hover=&#8221;#141827&#8243;][\/et_pb_button][\/et_pb_column][\/et_pb_row][\/et_pb_section]<\/p>\n","protected":false},"excerpt":{"rendered":"<p>Jarduera f\u00edsiko egokitua (Activit\u00e9 Physique Adapt\u00e9e Handisport) &#8211; Kirola eta osasuna Lons-enGure programaSaio hauek irekiak eta egokituak dira mugimendu eta zentzumen desgaitasuna duten eta\/edo gaixotasun kroniko\/degeneratibo bat duten pertsona guztientzat. Oinez ibili ahal bazara, eskuzko gurpil-aulkiarekin edo gurpil-aulki elektrikoarekin mugitzen bazara, ikusmen-urritasuna baduzu edo itsua bazara, giro atsegin batean, asteroko jarduera kolektibo dibertigarrietan parte hartzeko aukera eskaintzen dizugu, zure osasun-egoera eta ongizatea hobetzeko asmoz. Urtean bitan ebaluazioak egiten ditugu, zure oreka, malgutasuna, indarra eta erresistentziaren jarraipena egiteko.Salle G\u00e9rard ForguesAvenue de Pau64140 LonsOstegunero 13:30etatik 15:00etara eta 15:00etatik 16:00etara (eskolako oporraldietatik kanpo)70 \u20ac, Handisport lizentzia eta urteko saioak barne.Estelle Saint Aubin06.06.46.65.31cd64@handisport.org<\/p>\n","protected":false},"author":1,"featured_media":0,"parent":0,"menu_order":0,"comment_status":"closed","ping_status":"closed","template":"","meta":{"_et_pb_use_builder":"on","_et_pb_old_content":"","_et_gb_content_width":"","footnotes":""},"class_list":["post-1562","page","type-page","status-publish","hentry"],"_links":{"self":[{"href":"https:\/\/www.cdhandisport64.org\/eu\/wp-json\/wp\/v2\/pages\/1562","targetHints":{"allow":["GET"]}}],"collection":[{"href":"https:\/\/www.cdhandisport64.org\/eu\/wp-json\/wp\/v2\/pages"}],"about":[{"href":"https:\/\/www.cdhandisport64.org\/eu\/wp-json\/wp\/v2\/types\/page"}],"author":[{"embeddable":true,"href":"https:\/\/www.cdhandisport64.org\/eu\/wp-json\/wp\/v2\/users\/1"}],"replies":[{"embeddable":true,"href":"https:\/\/www.cdhandisport64.org\/eu\/wp-json\/wp\/v2\/comments?post=1562"}],"version-history":[{"count":4,"href":"https:\/\/www.cdhandisport64.org\/eu\/wp-json\/wp\/v2\/pages\/1562\/revisions"}],"predecessor-version":[{"id":1860,"href":"https:\/\/www.cdhandisport64.org\/eu\/wp-json\/wp\/v2\/pages\/1562\/revisions\/1860"}],"wp:attachment":[{"href":"https:\/\/www.cdhandisport64.org\/eu\/wp-json\/wp\/v2\/media?parent=1562"}],"curies":[{"name":"wp","href":"https:\/\/api.w.org\/{rel}","templated":true}]}}