{"id":1608,"date":"2023-09-03T20:54:46","date_gmt":"2023-09-03T18:54:46","guid":{"rendered":"https:\/\/gdrf-studio.com\/cdh64test\/partenaires-associatifs\/"},"modified":"2023-10-01T13:58:02","modified_gmt":"2023-10-01T11:58:02","slug":"partenaires-associatifs","status":"publish","type":"page","link":"https:\/\/www.cdhandisport64.org\/eu\/partenaires-associatifs\/","title":{"rendered":"Kide asoziatiboak"},"content":{"rendered":"<p>[et_pb_section fb_built=&#8221;1&#8243; custom_padding_last_edited=&#8221;on|phone&#8221; next_background_color=&#8221;#ffffff&#8221; admin_label=&#8221;Header&#8221; _builder_version=&#8221;4.21.0&#8243; use_background_color_gradient=&#8221;on&#8221; background_color_gradient_direction=&#8221;165deg&#8221; background_color_gradient_stops=&#8221;rgba(46,44,126,0.35) 0%|#000000 100%&#8221; background_color_gradient_overlays_image=&#8221;on&#8221; background_color_gradient_start=&#8221;rgba(38,45,63,0.67)&#8221; background_color_gradient_end=&#8221;#262d3f&#8221; background_image=&#8221;https:\/\/www.cdhandisport64.org\/wp-content\/uploads\/2023\/09\/Nos-partenaires-associatifs.jpeg&#8221; custom_padding=&#8221;10vw||10vw||true|false&#8221; custom_padding_tablet=&#8221;115px||115px||true|false&#8221; custom_padding_phone=&#8221;30px||10px||false|false&#8221; bottom_divider_style=&#8221;ramp&#8221; bottom_divider_height=&#8221;6vw&#8221; bottom_divider_flip=&#8221;horizontal&#8221; background_last_edited=&#8221;on|phone&#8221; use_background_color_gradient_phone=&#8221;on&#8221; background_color_gradient_direction_phone=&#8221;170deg&#8221; background_color_gradient_stops_phone=&#8221;rgba(46,44,126,0.35) 30%|#000000 100%&#8221; global_colors_info=&#8221;{}&#8221;][et_pb_row _builder_version=&#8221;4.22.1&#8243; hover_enabled=&#8221;0&#8243; global_colors_info=&#8221;{}&#8221; width_last_edited=&#8221;on|phone&#8221; width_phone=&#8221;95%&#8221; sticky_enabled=&#8221;0&#8243;][et_pb_column type=&#8221;4_4&#8243; _builder_version=&#8221;4.16&#8243; custom_padding=&#8221;|||&#8221; global_colors_info=&#8221;{}&#8221; custom_padding__hover=&#8221;|||&#8221;][et_pb_text content_tablet=&#8221;<\/p>\n<h1>Divi <strong><span style=%22color: #17bdfb;%22>Gym<\/span><\/strong> Layout<\/h1>\n<p>&#8221; content_last_edited=&#8221;off|phone&#8221; _builder_version=&#8221;4.22.1&#8243; _module_preset=&#8221;default&#8221; text_font=&#8221;||||||||&#8221; text_text_color=&#8221;#ffffff&#8221; header_font=&#8221;Barlow Condensed|500|||||||&#8221; header_text_align=&#8221;center&#8221; header_text_color=&#8221;#ffffff&#8221; header_font_size=&#8221;96px&#8221; header_line_height=&#8221;1.1em&#8221; header_2_font=&#8221;Barlow Condensed|600|||||||&#8221; header_3_font=&#8221;Barlow Condensed||||||||&#8221; header_4_font=&#8221;Barlow Condensed||||||||&#8221; header_5_font=&#8221;Barlow Condensed||||||||&#8221; header_6_font=&#8221;Barlow Condensed||||||||&#8221; custom_margin=&#8221;-33px|||&#8221; custom_padding=&#8221;18px||18px||true&#8221; custom_padding_tablet=&#8221;&#8221; custom_padding_phone=&#8221;35px||35px||true|false&#8221; custom_padding_last_edited=&#8221;on|phone&#8221; hover_enabled=&#8221;0&#8243; header_font_size_tablet=&#8221;80px&#8221; header_font_size_phone=&#8221;38px&#8221; header_font_size_last_edited=&#8221;on|desktop&#8221; locked=&#8221;off&#8221; global_colors_info=&#8221;{}&#8221; sticky_enabled=&#8221;0&#8243;]<\/p>\n<h1>Gure kide asoziatibo nagusiak<br \/>\n<span style=\"color: #17bdfb; font-weight: 600;\">egunero<br \/>\n<\/span><\/h1>\n<p>[\/et_pb_text][\/et_pb_column][\/et_pb_row][\/et_pb_section][et_pb_section fb_built=&#8221;1&#8243; custom_padding_last_edited=&#8221;on|phone&#8221; _builder_version=&#8221;4.22.1&#8243; _module_preset=&#8221;57977f59-6b57-48c3-a9b2-37269e4e1fe8&#8243; background_image=&#8221;https:\/\/www.cdhandisport64.org\/wp-content\/uploads\/2023\/07\/dots.png&#8221; background_size=&#8221;initial&#8221; background_position=&#8221;top_left&#8221; custom_padding=&#8221;35px|0px|10px|0px|false|false&#8221; custom_padding_tablet=&#8221;35px|0px|10px|0px|false|false&#8221; custom_padding_phone=&#8221;10px|0px|10px|0px|false|false&#8221; hover_enabled=&#8221;0&#8243; background_last_edited=&#8221;on|phone&#8221; background_image_tablet=&#8221;https:\/\/www.cdhandisport64.org\/wp-content\/uploads\/2023\/07\/dots-background-2.png&#8221; background_image_phone=&#8221;https:\/\/www.cdhandisport64.org\/wp-content\/uploads\/2023\/07\/dots-180&#215;180-1.png&#8221; background_enable_image_tablet=&#8221;on&#8221; background_enable_image_phone=&#8221;on&#8221; locked=&#8221;off&#8221; global_colors_info=&#8221;{}&#8221; sticky_enabled=&#8221;0&#8243;][et_pb_row _builder_version=&#8221;4.21.0&#8243; _module_preset=&#8221;7d9f62a9-f8e9-456c-a1a9-95b078c8f364&#8243; width_tablet=&#8221;&#8221; width_phone=&#8221;90%&#8221; width_last_edited=&#8221;on|phone&#8221; custom_padding=&#8221;15px|0px|16px|0px|false|false&#8221; global_colors_info=&#8221;{}&#8221;][et_pb_column type=&#8221;4_4&#8243; _builder_version=&#8221;4.16&#8243; _module_preset=&#8221;default&#8221; custom_padding=&#8221;|||&#8221; global_colors_info=&#8221;{}&#8221; custom_padding__hover=&#8221;|||&#8221;][et_pb_text _builder_version=&#8221;4.22.1&#8243; _module_preset=&#8221;default&#8221; text_font=&#8221;|700|||||||&#8221; text_text_color=&#8221;#ffffff&#8221; text_font_size=&#8221;30px&#8221; header_font=&#8221;Barlow Condensed|300|||||||&#8221; header_text_color=&#8221;#ffffff&#8221; header_font_size=&#8221;68px&#8221; header_line_height=&#8221;0.9em&#8221; header_2_font=&#8221;Barlow Condensed|600|||||||&#8221; header_2_text_align=&#8221;center&#8221; header_2_text_color=&#8221;#141827&#8243; header_2_font_size=&#8221;52px&#8221; header_2_line_height=&#8221;1.2em&#8221; header_3_font=&#8221;Barlow Condensed||||||||&#8221; header_4_font=&#8221;Barlow Condensed||||||||&#8221; header_5_font=&#8221;Barlow Condensed||||||||&#8221; header_6_font=&#8221;Barlow Condensed||||||||&#8221; text_orientation=&#8221;center&#8221; hover_enabled=&#8221;0&#8243; text_font_size_tablet=&#8221;&#8221; text_font_size_phone=&#8221;20px&#8221; text_font_size_last_edited=&#8221;on|desktop&#8221; header_font_size_tablet=&#8221;64px&#8221; header_font_size_phone=&#8221;56px&#8221; header_font_size_last_edited=&#8221;on|phone&#8221; header_2_text_align_tablet=&#8221;left&#8221; header_2_text_align_phone=&#8221;&#8221; header_2_text_align_last_edited=&#8221;on|tablet&#8221; header_2_font_size_tablet=&#8221;&#8221; header_2_font_size_phone=&#8221;38px&#8221; header_2_font_size_last_edited=&#8221;on|phone&#8221; global_colors_info=&#8221;{}&#8221; header_2_2_font_size_phone=&#8221;36px&#8221; header_3_2_font_size_phone=&#8221;36px&#8221; header_4_2_font_size_phone=&#8221;36px&#8221; header_5_2_font_size_phone=&#8221;36px&#8221; header_6_2_font_size_phone=&#8221;36px&#8221; header_2_2_font_size_last_edited=&#8221;on|phone&#8221; header_3_2_font_size_last_edited=&#8221;on|phone&#8221; header_4_2_font_size_last_edited=&#8221;on|phone&#8221; header_5_2_font_size_last_edited=&#8221;on|phone&#8221; header_6_2_font_size_last_edited=&#8221;on|phone&#8221; sticky_enabled=&#8221;0&#8243;]<\/p>\n<h2>Aurkitu hemen gure <span style=\"color: #17bdfb;\">kide asoziatiboak<br \/><\/span><\/h2>\n<p>[\/et_pb_text][\/et_pb_column][\/et_pb_row][\/et_pb_section][et_pb_section fb_built=&#8221;1&#8243; _builder_version=&#8221;4.22.1&#8243; _module_preset=&#8221;default&#8221; hover_enabled=&#8221;0&#8243; global_colors_info=&#8221;{}&#8221; custom_padding_last_edited=&#8221;on|phone&#8221; custom_padding_phone=&#8221;0px||20px||false|false&#8221; sticky_enabled=&#8221;0&#8243;][et_pb_row _builder_version=&#8221;4.22.1&#8243; _module_preset=&#8221;default&#8221; hover_enabled=&#8221;0&#8243; global_colors_info=&#8221;{}&#8221; sticky_enabled=&#8221;0&#8243; width_last_edited=&#8221;on|phone&#8221; width_phone=&#8221;90%&#8221;][et_pb_column type=&#8221;4_4&#8243; _builder_version=&#8221;4.21.0&#8243; _module_preset=&#8221;default&#8221; global_colors_info=&#8221;{}&#8221;][et_pb_text _builder_version=&#8221;4.21.0&#8243; _module_preset=&#8221;default&#8221; text_font=&#8221;Roboto||||||||&#8221; text_text_color=&#8221;#141827&#8243; text_font_size=&#8221;18px&#8221; text_line_height=&#8221;1.8em&#8221; link_font=&#8221;||||on||||&#8221; link_text_color=&#8221;gcid-aa21a5c8-3373-4bed-b4ba-aa0e9cc96566&#8243; header_font=&#8221;Barlow Condensed|300|||||||&#8221; header_text_color=&#8221;#ffffff&#8221; header_font_size=&#8221;68px&#8221; header_line_height=&#8221;0.9em&#8221; header_2_font=&#8221;Barlow Condensed||||||||&#8221; header_3_font=&#8221;Barlow Condensed|600|||on||||&#8221; header_3_font_size=&#8221;26px&#8221; header_4_font=&#8221;Barlow Condensed|600|||||||&#8221; header_4_font_size=&#8221;22px&#8221; header_5_font=&#8221;Barlow Condensed||||||||&#8221; header_6_font=&#8221;Barlow Condensed||||||||&#8221; max_width_tablet=&#8221;100%&#8221; max_width_phone=&#8221;100%&#8221; max_width_last_edited=&#8221;on|tablet&#8221; module_alignment=&#8221;left&#8221; custom_margin=&#8221;-13px||&#8221; custom_padding=&#8221;0px||&#8221; header_font_size_tablet=&#8221;64px&#8221; header_font_size_phone=&#8221;56px&#8221; header_font_size_last_edited=&#8221;on|phone&#8221; custom_css_main_element=&#8221;font-weight:400;&#8221; global_colors_info=&#8221;{%22gcid-aa21a5c8-3373-4bed-b4ba-aa0e9cc96566%22:%91%22link_text_color%22,%22link_text_color%22%93}&#8221;]<\/p>\n<h4>Association Fran\u00e7aise des Scl\u00e9ros\u00e9s en Plaques 64 (AFSEP 64)<\/h4>\n<p>AFPSEk esklerosi anizkoitza duten pertsona guztiak eta haien familiak biltzen ditu. Laguntza, informazioa, errepresentazioa eta defentsa eskaintzen die botere publiko eta erakunde publiko edo pribatuen aurrean.<\/p>\n<p><a href=\"https:\/\/afsep.fr\/lassociation\/nos-delegations\/pyrenees-atlantiques\/\">https:\/\/afsep.fr\/lassociation\/nos-delegations\/pyrenees-atlantiques\/<\/a><\/p>\n<p>&nbsp;<\/p>\n<h4>Les Valhandises<\/h4>\n<p>Elkartearen helburua ekitaldiak antolatu eta sustatzea da, desgaitasun gabeko pertsona, desgaitasuna duten pertsona eta haien laguntzaileen artean harremanak sortzeko, eta desgaitasun gabeko pertsonen eta desgaitasuna duten pertsonen artean maiz sortzen diren oztopoak desagerrarazteko. Partekatze eta festa giroan, bestearen begirada aldarazi nahi du elkarteak, denok eskubide osoko pertsonak garela ohartarazteko.<\/p>\n<p><a href=\"https:\/\/www.lesvalhandises.fr\/\">https:\/\/www.lesvalhandises.fr\/<\/a><\/p>\n<p>&nbsp;<\/p>\n<h4>L\u2019autruche sur un fil de soi<\/h4>\n<p>Elkartea desgaitasun anizkoitza duten eta menpekotasun handia sortzen duten mugimen eta adimen-urritasuna duten haur, nerabe eta helduei zuzenduta dago. Desgaitasun anitzeko haur, nerabe eta helduentzako kultur eta kirol proiektuak garatu nahi ditu, desgaitasunik ez duten pertsonekin harremanak sortuz.<\/p>\n<p><a href=\"https:\/\/lautruchesurunfildesoi.jimdo.com\/\">https:\/\/lautruchesurunfildesoi.jimdo.com\/<\/a><\/p>\n<p>&nbsp;<\/p>\n<h4>APF France Handicap 64<\/h4>\n<p>APF France Handicap,<strong>desgaitasuna duten pertsonen eta haien senideen defentsarako eta ordezkaritzarako<\/strong>existitzen den Frantziako onura publikoko erakunderik handiena da.<\/p>\n<p><a href=\"http:\/\/territoireaquitainesud.blogs.apf.asso.fr\/delegations-des-pyrenees-atlantiques.html\">http:\/\/territoireaquitainesud.blogs.apf.asso.fr\/delegations-des-pyrenees-atlantiques.html<\/a><\/p>\n<p>&nbsp;<\/p>\n<h4>AFTC &#8211; Union Nationale des Familles de Traumatis\u00e9s cr\u00e2niens et C\u00e9r\u00e9brol\u00e9s\u00e9s<\/h4>\n<p>Garezurreko edo garuneko lesio traumatikoa baduzu, gaixotasun hau duen pertsona baten ahaidea, laguna edo laguntzailea bazara, edo gai honekin sentsibilizatuta bazaude, elkartasun-espiritu batean gurekin bat egin dezakezu. Zure esperientzia gureari gehitu eta besteenaz gozatu dezakezu. Pirinio Atlantikoetako AFTCrekin harremanetan jarri edo harekin bat egin dezakezu.<\/p>\n<p><a href=\"https:\/\/www.cerebrolesion.org\/jcms\/af_8327\/fr\/espace-parvis\">https:\/\/www.cerebrolesion.org\/jcms\/af_8327\/fr\/espace-parvis<\/a><\/p>\n<p>&nbsp;<\/p>\n<h4>CRIC Pyr\u00e9n\u00e9es &#8211; Centre de R\u00e9insertion pour Invalides Civils<\/h4>\n<p>Baliaezintasuna duten pertsona zibilentzako birgizartaratze zentroa Elkartearen xedea, desgaitasuna duten eta moldakaitzak diren pertsonen gizarteratzea, bergizartaratzea eta sustapena da.<\/p>\n<p><a href=\"https:\/\/www.cric.asso.fr\/index.php\/association\/les-etablissements\/preorientation-cric-pyrenees\">https:\/\/www.cric.asso.fr\/index.php\/association\/les-etablissements\/preorientation-cric-pyrenees<\/a><\/p>\n<p>&nbsp;<\/p>\n<h3>Ikusmen-urritasuna duten eta itsuentzako elkarteak eta egiturak<\/h3>\n<p>&nbsp;<\/p>\n<h4>La Fraternelle des aveugles<\/h4>\n<p>Baiona, Biarritz eta Eskualdeko itsuen elkarteak eta bere txakur gidari atalak, itsu eta ikusmen-urritasuna duten pertsonei laguntza eskaintzen die (irteerak, ibilaldiak, hitzaldiak, itsuekin bilerak, Gabonetako zuhaitza, txakur gidariak eskuratzeko laguntza).<\/p>\n<p>0608107638<\/p>\n<p><a href=\"mailto:Fraternelledesaveugles6440@gmail.com\">Fraternelledesaveugles6440@gmail.com<\/a><\/p>\n<p>&nbsp;<\/p>\n<h4>Union Nationale des Aveugles et D\u00e9ficients visuels (UNADEV)<\/h4>\n<p><span>UNADEVek bere beharretara egokitutako jarduerak, proiektu kolektiboak eta bizipenak eskaintzen dizkie bere kideei, itsuak diren pertsonen eta ikusmen-urritasuna duten pertsonen autonomia, ongizatea eta emantzipazioa landuz. Horrez gain, <\/span><span>UNADEVeko eskualdeko zentroak, entzuteko,<\/span><span> partekatzeko eta topaketak egiteko guneak dira.<\/span><\/p>\n<p><a href=\"https:\/\/www.unadev.com\/centreregion\/centre-unadev-pau\/\">https:\/\/www.unadev.com\/centreregion\/centre-unadev-pau\/<\/a><\/p>\n<p>&nbsp;<\/p>\n<h4>Association Valentin Ha\u00fcy<\/h4>\n<p>Ikusmen-urritasuna duten pertsonei laguntzeko eragile historikoa da <strong>Valentin Ha\u00fcy elkartea.<\/strong> Zerbitzu eta ekintza ugari eskaintzen ditu Frantzia osoan: ikusmen-urritasuna duten pertsonen eskubideak defendatu, haien prestakuntza eta enplegurako sarbidea bermatu, autonomia berreskuratu eta garatu, idatziaren sarbidea sustatu, kultur, kirol eta aisialdirako jarduera irisgarriak eskaini.<\/p>\n<p>Baionako ordezkaritza<\/p>\n<p><a href=\"https:\/\/bayonne.avh.asso.fr\/\">https:\/\/bayonne.avh.asso.fr\/<\/a><\/p>\n<p>Pauko lotura<\/p>\n<p><a href=\"https:\/\/bayonne.avh.asso.fr\/node\/422\">https:\/\/bayonne.avh.asso.fr\/node\/422<\/a><\/p>\n<p>&nbsp;<\/p>\n<h3>Kirola eta aisia<\/h3>\n<p>&nbsp;<\/p>\n<h4>Handiplage<\/h4>\n<p>Handiplage informazioguneak, desgaitasuna duten pertsonentzat irisgarriak diren Frantziako hondartza asko erakusten ditu.<\/p>\n<p><a href=\"https:\/\/www.handiplage.fr\/\">https:\/\/www.handiplage.fr\/<\/a><\/p>\n<p>&nbsp;<\/p>\n<h4>Surf egokitua<\/h4>\n<p>Pertsona guztiek surfean aritzeko aukera ematen du.<\/p>\n<p><a href=\"http:\/\/www.handi-surf.org\/handi-surf\/\">http:\/\/www.handi-surf.org\/handi-surf\/<\/a><\/p>\n<p>&nbsp;<\/p>\n<h4>Handiplus Aquitaine<\/h4>\n<p>Akitania Berriko turismo irisgarriaren urtekaria<\/p>\n<p><a href=\"https:\/\/handiplusaquitaine.fr\/\">https:\/\/handiplusaquitaine.fr\/<\/a><\/p>\n<p>&nbsp;<\/p>\n<h4>Balades \u00e0 roulettes 64<\/h4>\n<p>Departamentuko gurpil-aulkientzako (gurditxoak, etab.) gune irisgarriak erakusten duen webgunea<\/p>\n<p><a href=\"https:\/\/www.cdrp64.com\/sentiers-et-topoguides\/les-balades-%C3%A0-roulettes\/\">https:\/\/www.cdrp64.com\/sentiers-et-topoguides\/les-balades-%C3%A0-roulettes\/<\/a><\/p>\n<p>&nbsp;<\/p>\n<h3>Gaixotasun kroniko\/arraroen elkarteak<\/h3>\n<p>&nbsp;<\/p>\n<h4>France Parkinson<\/h4>\n<p>France Parkinson elkartearen misioetariko batzuk gaixoei eta haien senideei sostengua ematea eta laguntzea, gaixotasunari, tratamenduei eta laguntzei buruz informatzea eta trebatzea, eta ikerketa finantzatzea, bultzatzea eta erraztea dira.<\/p>\n<p><a href=\"https:\/\/www.franceparkinson.fr\/association\/carte-comites-locaux\/comite\/?id=64\">https:\/\/www.franceparkinson.fr\/association\/carte-comites-locaux\/comite\/?id=64<\/a><\/p>\n<p>&nbsp;<\/p>\n<h4>AFM T\u00e9l\u00e9thon Pyr\u00e9n\u00e9es Atlantiques ouest \u2013 64<\/h4>\n<p>AFM-T\u00e9l\u00e9thon gaixotasun genetiko, arraro, ebolutibo eta ezgaitasun larriak eragiten duten, aurkako borroka nekaezina daramaten gaixoen eta ahaideen elkartea da. Kideen helburu nagusia gaixotasuna gainditzea da.<\/p>\n<p><a href=\"https:\/\/www.afm-telethon.fr\/fr\/coordinations\/064w#nos-actualites\">https:\/\/www.afm-telethon.fr\/fr\/coordinations\/064w#nos-actualites<\/a><\/p>\n<p>&nbsp;<\/p>\n<h4>Aide aux jeunes diab\u00e9tiques<\/h4>\n<p>Diabetesa duten gazteei eta haien senitartekoei laguntzeko sortu den onura publikoko erakunde nazionala da.<\/p>\n<p><a href=\"https:\/\/www.ajd-diabete.fr\/association\/goxokiak-2\/\">https:\/\/www.ajd-diabete.fr\/association\/goxokiak-2\/<\/a><\/p>\n<p>&nbsp;<\/p>\n<h4>France Alzheimer Pyr\u00e9n\u00e9es Atlantiques<\/h4>\n<p>Elkartearen eginkizun nagusiak alzheimer gaixotasuna edo hari lotutako gaixotasunen bat jasaten duen hurbileko pertsona bat babesten duten familiak elkartzea, informatzea eta tokian laguntzea dira.<\/p>\n<p><a href=\"https:\/\/www.francealzheimer.org\/pyreneesatlantiques\/\">https:\/\/www.francealzheimer.org\/pyreneesatlantiques\/<\/a><\/p>\n<p>&nbsp;<\/p>\n<h4>Ligue du cancer<\/h4>\n<p>Onura publikoko erakundea da. Bere eginkizuna minbizia duten pertsonei laguntza eskaintzea da. Prebentzioa eta ikerketa ere sustatzen ditu.<\/p>\n<p><a href=\"https:\/\/www.ligue-cancer.net\/64-pyreneesatlantiques\">https:\/\/www.ligue-cancer.net\/64-pyreneesatlantiques<\/a><\/p>\n<p>&nbsp;<\/p>\n<h4>Handi Ressource 64 &#8211; Elgarreken<\/h4>\n<p>Desgaitasuna duten haurren aisialdi-zentroetara sarbidea sustatzeko prozeduretan laguntza.<\/p>\n<p><a href=\"http:\/\/www.handiressources64.com\/\">http:\/\/www.handiressources64.com\/<\/a><\/p>\n<p>&nbsp;<\/p>\n<h3>Gure logistika kideak<\/h3>\n<p>Material egokitua uzten edo alokatzen duten egituren zerrenda.<\/p>\n<p>&nbsp;<\/p>\n<h4>Autruche sur un fil de soi<\/h4>\n<p>Joelette-ak eta bizikleta bultzatzaileak Baionan<\/p>\n<p><a href=\"https:\/\/lautruchesurunfildesoi.jimdo.com\/\">https:\/\/lautruchesurunfildesoi.jimdo.com\/<\/a><\/p>\n<p>&nbsp;<\/p>\n<h4>Handiplage<\/h4>\n<p>Eskuko bizikletak\/eskiatzeko materiala Baionan<\/p>\n<p><a href=\"https:\/\/www.handiplage.fr\/\">https:\/\/www.handiplage.fr\/<\/a><\/p>\n<p>&nbsp;<\/p>\n<h4>Ted surf<\/h4>\n<p>Bizikleta bultzatzaileak Capbreton-en<\/p>\n<p><a href=\"https:\/\/tedsurfschool-capbreton.com\/handi-velo\">https:\/\/tedsurfschool-capbreton.com\/handi-velo<\/a><\/p>\n<p>&nbsp;<\/p>\n<h4>A v\u00e9lo sans \u00e2ge<\/h4>\n<p>Motogurdiak Capbretonen<\/p>\n<p><a href=\"https:\/\/avelosansage.fr\/\">https:\/\/avelosansage.fr\/<\/a><\/p>\n<p>&nbsp;<\/p>\n<h4>La roue tourne 40<\/h4>\n<p>Myolibs (jo\u00eblette)<\/p>\n<p><a href=\"https:\/\/www.larouetourne40.com\/\">https:\/\/www.larouetourne40.com\/<\/a><\/p>\n<p>&nbsp;<\/p>\n<h4>Handi BO<\/h4>\n<p>Joeletteak Biarritzen<\/p>\n<p><a href=\"chrome-extension:\/\/efaidnbmnnnibpcajpcglclefindmkaj\/http:\/\/data.over-blog-kiwi.com\/1\/43\/30\/43\/20191218\/ob_1de9be_convention-pret-joelette.pdf\">chrome-extension:\/\/efaidnbmnnnibpcajpcglclefindmkaj\/http:\/\/data.over-blog-kiwi.com\/1\/43\/30\/43\/20191218\/ob_1de9be_convention-pret-joelette.pdf<\/a><\/p>\n<p>&nbsp;<\/p>\n<h4>Le triporteur du Gave<\/h4>\n<p>Bizikletaz gozatzeko aukerarik ez duten pertsonei (Bearno sektorea) motogurdian ibilaldiak eskaintzen dituzte.<\/p>\n<p><span>06 20 39 86 65<\/span><\/p>\n<p><a href=\"contact@letriporteurdugave.fr\"><span>contact@letriporteurdugave.fr<\/span><\/a><\/p>\n<p>[\/et_pb_text][\/et_pb_column][\/et_pb_row][\/et_pb_section]<\/p>\n","protected":false},"excerpt":{"rendered":"<p>Gure kide asoziatibo nagusiak egunero Aurkitu hemen gure kide asoziatiboakAssociation Fran\u00e7aise des Scl\u00e9ros\u00e9s en Plaques 64 (AFSEP 64) AFPSEk esklerosi anizkoitza duten pertsona guztiak eta haien familiak biltzen ditu. Laguntza, informazioa, errepresentazioa eta defentsa eskaintzen die botere publiko eta erakunde publiko edo pribatuen aurrean. https:\/\/afsep.fr\/lassociation\/nos-delegations\/pyrenees-atlantiques\/ &nbsp; Les Valhandises Elkartearen helburua ekitaldiak antolatu eta sustatzea da, desgaitasun gabeko pertsona, desgaitasuna duten pertsona eta haien laguntzaileen artean harremanak sortzeko, eta desgaitasun gabeko pertsonen eta desgaitasuna duten pertsonen artean maiz sortzen diren oztopoak desagerrarazteko. Partekatze eta festa giroan, bestearen begirada aldarazi nahi du elkarteak, denok eskubide osoko pertsonak garela ohartarazteko. https:\/\/www.lesvalhandises.fr\/ &nbsp; L\u2019autruche sur un fil de soi Elkartea desgaitasun anizkoitza duten eta menpekotasun handia sortzen duten mugimen eta adimen-urritasuna duten haur, nerabe eta helduei zuzenduta dago. Desgaitasun anitzeko haur, nerabe eta helduentzako kultur eta kirol proiektuak garatu nahi ditu, desgaitasunik ez duten pertsonekin harremanak sortuz. https:\/\/lautruchesurunfildesoi.jimdo.com\/ &nbsp; APF France Handicap 64 APF France Handicap,desgaitasuna duten pertsonen eta haien senideen defentsarako eta ordezkaritzarakoexistitzen den Frantziako onura publikoko erakunderik handiena da. http:\/\/territoireaquitainesud.blogs.apf.asso.fr\/delegations-des-pyrenees-atlantiques.html &nbsp; AFTC &#8211; Union Nationale des Familles de Traumatis\u00e9s cr\u00e2niens et C\u00e9r\u00e9brol\u00e9s\u00e9s Garezurreko edo garuneko lesio traumatikoa baduzu, gaixotasun hau duen pertsona baten ahaidea, laguna edo laguntzailea bazara, edo gai honekin sentsibilizatuta [&hellip;]<\/p>\n","protected":false},"author":1,"featured_media":0,"parent":0,"menu_order":0,"comment_status":"closed","ping_status":"closed","template":"","meta":{"_et_pb_use_builder":"on","_et_pb_old_content":"","_et_gb_content_width":"","footnotes":""},"class_list":["post-1608","page","type-page","status-publish","hentry"],"_links":{"self":[{"href":"https:\/\/www.cdhandisport64.org\/eu\/wp-json\/wp\/v2\/pages\/1608","targetHints":{"allow":["GET"]}}],"collection":[{"href":"https:\/\/www.cdhandisport64.org\/eu\/wp-json\/wp\/v2\/pages"}],"about":[{"href":"https:\/\/www.cdhandisport64.org\/eu\/wp-json\/wp\/v2\/types\/page"}],"author":[{"embeddable":true,"href":"https:\/\/www.cdhandisport64.org\/eu\/wp-json\/wp\/v2\/users\/1"}],"replies":[{"embeddable":true,"href":"https:\/\/www.cdhandisport64.org\/eu\/wp-json\/wp\/v2\/comments?post=1608"}],"version-history":[{"count":4,"href":"https:\/\/www.cdhandisport64.org\/eu\/wp-json\/wp\/v2\/pages\/1608\/revisions"}],"predecessor-version":[{"id":1872,"href":"https:\/\/www.cdhandisport64.org\/eu\/wp-json\/wp\/v2\/pages\/1608\/revisions\/1872"}],"wp:attachment":[{"href":"https:\/\/www.cdhandisport64.org\/eu\/wp-json\/wp\/v2\/media?parent=1608"}],"curies":[{"name":"wp","href":"https:\/\/api.w.org\/{rel}","templated":true}]}}