{"id":1634,"date":"2023-09-03T16:12:24","date_gmt":"2023-09-03T14:12:24","guid":{"rendered":"https:\/\/gdrf-studio.com\/cdh64test\/sorties-sportives-ponctuelles\/"},"modified":"2023-09-13T15:07:23","modified_gmt":"2023-09-13T13:07:23","slug":"sorties-sportives-ponctuelles","status":"publish","type":"page","link":"https:\/\/www.cdhandisport64.org\/eu\/sorties-sportives-ponctuelles\/","title":{"rendered":"Sorties sportives ponctuelles"},"content":{"rendered":"<p>[et_pb_section fb_built=&#8221;1&#8243; custom_padding_last_edited=&#8221;off|desktop&#8221; next_background_color=&#8221;#ffffff&#8221; admin_label=&#8221;Header&#8221; _builder_version=&#8221;4.21.0&#8243; use_background_color_gradient=&#8221;on&#8221; background_color_gradient_direction=&#8221;165deg&#8221; background_color_gradient_stops=&#8221;rgba(46,44,126,0.35) 1%|#000000 100%&#8221; background_color_gradient_overlays_image=&#8221;on&#8221; background_color_gradient_start=&#8221;rgba(38,45,63,0.67)&#8221; background_color_gradient_end=&#8221;#262d3f&#8221; background_image=&#8221;https:\/\/www.cdhandisport64.org\/wp-content\/uploads\/2023\/07\/Herauritz-sport-en-etablissement.jpeg&#8221; custom_padding=&#8221;11vw||11vw||true|false&#8221; custom_padding_tablet=&#8221;170px||50px|&#8221; bottom_divider_style=&#8221;ramp&#8221; bottom_divider_height=&#8221;6vw&#8221; bottom_divider_flip=&#8221;horizontal&#8221; global_colors_info=&#8221;{}&#8221;][et_pb_row _builder_version=&#8221;4.16&#8243; global_colors_info=&#8221;{}&#8221;][et_pb_column type=&#8221;4_4&#8243; _builder_version=&#8221;4.16&#8243; custom_padding=&#8221;|||&#8221; global_colors_info=&#8221;{}&#8221; custom_padding__hover=&#8221;|||&#8221;][et_pb_text content_tablet=&#8221;<\/p>\n<h1>Divi <strong><span style=%22color: #17bdfb;%22>Gym<\/span><\/strong> Layout<\/h1>\n<p>&#8221; content_last_edited=&#8221;off|phone&#8221; _builder_version=&#8221;4.21.0&#8243; _module_preset=&#8221;default&#8221; text_font=&#8221;||||||||&#8221; text_text_color=&#8221;#ffffff&#8221; header_font=&#8221;Barlow Condensed|500|||||||&#8221; header_text_align=&#8221;center&#8221; header_text_color=&#8221;#ffffff&#8221; header_font_size=&#8221;96px&#8221; header_line_height=&#8221;1.1em&#8221; header_2_font=&#8221;Barlow Condensed|600|||||||&#8221; header_3_font=&#8221;Barlow Condensed||||||||&#8221; header_4_font=&#8221;Barlow Condensed||||||||&#8221; header_5_font=&#8221;Barlow Condensed||||||||&#8221; header_6_font=&#8221;Barlow Condensed||||||||&#8221; width_last_edited=&#8221;off|phone&#8221; custom_margin=&#8221;-33px||13px|||&#8221; custom_margin_last_edited=&#8221;off|phone&#8221; custom_padding=&#8221;7px||7px||true|&#8221; custom_padding_tablet=&#8221;&#8221; custom_padding_phone=&#8221;50px||80px||false|false&#8221; custom_padding_last_edited=&#8221;on|phone&#8221; header_font_size_tablet=&#8221;80px&#8221; header_font_size_phone=&#8221;64px&#8221; header_font_size_last_edited=&#8221;on|desktop&#8221; locked=&#8221;off&#8221; global_colors_info=&#8221;{}&#8221;]<\/p>\n<h1>Sorties sportives <span style=\"color: #17bdfb; font-weight: 600;\">ponctuelles<\/span><\/h1>\n<p>[\/et_pb_text][et_pb_button button_text=&#8221;CONTACT&#8221; button_alignment=&#8221;center&#8221; _builder_version=&#8221;4.21.0&#8243; _module_preset=&#8221;default&#8221; custom_button=&#8221;on&#8221; button_text_size=&#8221;14px&#8221; button_text_color=&#8221;#141827&#8243; button_bg_color=&#8221;#17bdfb&#8221; button_border_width=&#8221;0px&#8221; button_border_color=&#8221;#ffffff&#8221; button_letter_spacing=&#8221;1px&#8221; button_font=&#8221;Roboto|600||on|||||&#8221; button_use_icon=&#8221;off&#8221; custom_margin=&#8221;||&#8221; custom_padding=&#8221;17px|30px|17px|30px|true|true&#8221; locked=&#8221;off&#8221; global_colors_info=&#8221;{}&#8221; button_bg_color__hover_enabled=&#8221;on|desktop&#8221; button_bg_color__hover=&#8221;#17bdfb&#8221; button_letter_spacing__hover_enabled=&#8221;on|hover&#8221; button_letter_spacing__hover=&#8221;2px&#8221; button_border_color__hover_enabled=&#8221;on|hover&#8221; button_border_color__hover=&#8221;#545454&#8243; button_text_color__hover_enabled=&#8221;on|desktop&#8221; button_text_color__hover=&#8221;#141827&#8243;][\/et_pb_button][\/et_pb_column][\/et_pb_row][\/et_pb_section][et_pb_section fb_built=&#8221;1&#8243; _builder_version=&#8221;4.16&#8243; _module_preset=&#8221;57977f59-6b57-48c3-a9b2-37269e4e1fe8&#8243; background_image=&#8221;https:\/\/www.cdhandisport64.org\/wp-content\/uploads\/2023\/07\/dots.png&#8221; background_size=&#8221;initial&#8221; background_position=&#8221;top_left&#8221; custom_padding=&#8221;35px|0px|10px|0px|false|false&#8221; background_last_edited=&#8221;on|phone&#8221; background_image_tablet=&#8221;https:\/\/www.cdhandisport64.org\/wp-content\/uploads\/2023\/07\/dots-background-2.png&#8221; background_image_phone=&#8221;https:\/\/www.cdhandisport64.org\/wp-content\/uploads\/2023\/07\/dots-180&#215;180-1.png&#8221; background_enable_image_tablet=&#8221;on&#8221; background_enable_image_phone=&#8221;on&#8221; locked=&#8221;off&#8221; global_colors_info=&#8221;{}&#8221;][et_pb_row _builder_version=&#8221;4.16&#8243; _module_preset=&#8221;7d9f62a9-f8e9-456c-a1a9-95b078c8f364&#8243; custom_padding=&#8221;15px|0px||0px|false|false&#8221; global_colors_info=&#8221;{}&#8221;][et_pb_column type=&#8221;4_4&#8243; _builder_version=&#8221;4.16&#8243; _module_preset=&#8221;default&#8221; custom_padding=&#8221;|||&#8221; global_colors_info=&#8221;{}&#8221; custom_padding__hover=&#8221;|||&#8221;][et_pb_text _builder_version=&#8221;4.21.0&#8243; _module_preset=&#8221;default&#8221; text_font=&#8221;Roboto||||||||&#8221; text_text_color=&#8221;#141827&#8243; text_font_size=&#8221;18px&#8221; text_line_height=&#8221;1.8em&#8221; header_font=&#8221;Barlow Condensed|300|||||||&#8221; header_text_color=&#8221;#ffffff&#8221; header_font_size=&#8221;68px&#8221; header_line_height=&#8221;0.9em&#8221; header_2_font=&#8221;Barlow Condensed||||||||&#8221; header_3_font=&#8221;Barlow Condensed||||||||&#8221; header_4_font=&#8221;Barlow Condensed||||||||&#8221; header_5_font=&#8221;Barlow Condensed||||||||&#8221; header_6_font=&#8221;Barlow Condensed||||||||&#8221; text_orientation=&#8221;center&#8221; max_width=&#8221;70%&#8221; max_width_tablet=&#8221;100%&#8221; max_width_phone=&#8221;100%&#8221; max_width_last_edited=&#8221;on|phone&#8221; module_alignment=&#8221;center&#8221; custom_margin=&#8221;-13px||&#8221; custom_padding=&#8221;0px||&#8221; header_font_size_tablet=&#8221;64px&#8221; header_font_size_phone=&#8221;56px&#8221; header_font_size_last_edited=&#8221;on|phone&#8221; text_orientation_tablet=&#8221;left&#8221; text_orientation_phone=&#8221;&#8221; text_orientation_last_edited=&#8221;on|tablet&#8221; custom_css_main_element=&#8221;font-weight:400;&#8221; global_colors_info=&#8221;{}&#8221;]Sorties sportives ponctuelles ouvertes \u00e0 toute personnes en situation de handicap visuel (organis\u00e9e en collaboration entre le Comit\u00e9 Handisport 64 et l\u2019UNADEV).[\/et_pb_text][\/et_pb_column][\/et_pb_row][\/et_pb_section][et_pb_section fb_built=&#8221;1&#8243; _builder_version=&#8221;4.21.0&#8243; _module_preset=&#8221;57977f59-6b57-48c3-a9b2-37269e4e1fe8&#8243; background_enable_color=&#8221;off&#8221; background_enable_image=&#8221;off&#8221; background_size=&#8221;initial&#8221; background_position=&#8221;top_left&#8221; background_blend=&#8221;multiply&#8221; custom_padding=&#8221;30px||30px||true|false&#8221; background_last_edited=&#8221;on|desktop&#8221; background_image_tablet=&#8221;https:\/\/www.cdhandisport64.org\/wp-content\/uploads\/2023\/07\/dots-background-2.png&#8221; background_image_phone=&#8221;https:\/\/www.cdhandisport64.org\/wp-content\/uploads\/2023\/07\/dots-180&#215;180-1.png&#8221; background_enable_image_tablet=&#8221;on&#8221; background_enable_image_phone=&#8221;on&#8221; locked=&#8221;off&#8221; global_colors_info=&#8221;{}&#8221;][et_pb_row column_structure=&#8221;1_2,1_2&#8243; use_custom_gutter=&#8221;on&#8221; make_equal=&#8221;on&#8221; module_class=&#8221;one-column&#8221; _builder_version=&#8221;4.16&#8243; _module_preset=&#8221;7d9f62a9-f8e9-456c-a1a9-95b078c8f364&#8243; custom_padding=&#8221;15px||||false|false&#8221; global_colors_info=&#8221;{}&#8221;][et_pb_column type=&#8221;1_2&#8243; module_class=&#8221;one-column&#8221; _builder_version=&#8221;4.16&#8243; _module_preset=&#8221;default&#8221; custom_padding_tablet=&#8221;||||false|false&#8221; custom_padding_last_edited=&#8221;off|phone&#8221; animation_style=&#8221;slide&#8221; animation_direction=&#8221;left&#8221; global_colors_info=&#8221;{}&#8221;][et_pb_image src=&#8221;data:image\/svg+xml;base64,PHN2ZyB3aWR0aD0iMTA4MCIgaGVpZ2h0PSI1NDAiIHZpZXdCb3g9IjAgMCAxMDgwIDU0MCIgeG1sbnM9Imh0dHA6Ly93d3cudzMub3JnLzIwMDAvc3ZnIj4KICAgIDxnIGZpbGw9Im5vbmUiIGZpbGwtcnVsZT0iZXZlbm9kZCI+CiAgICAgICAgPHBhdGggZmlsbD0iI0VCRUJFQiIgZD0iTTAgMGgxMDgwdjU0MEgweiIvPgogICAgICAgIDxwYXRoIGQ9Ik00NDUuNjQ5IDU0MGgtOTguOTk1TDE0NC42NDkgMzM3Ljk5NSAwIDQ4Mi42NDR2LTk4Ljk5NWwxMTYuMzY1LTExNi4zNjVjMTUuNjItMTUuNjIgNDAuOTQ3LTE1LjYyIDU2LjU2OCAwTDQ0NS42NSA1NDB6IiBmaWxsLW9wYWNpdHk9Ii4xIiBmaWxsPSIjMDAwIiBmaWxsLXJ1bGU9Im5vbnplcm8iLz4KICAgICAgICA8Y2lyY2xlIGZpbGwtb3BhY2l0eT0iLjA1IiBmaWxsPSIjMDAwIiBjeD0iMzMxIiBjeT0iMTQ4IiByPSI3MCIvPgogICAgICAgIDxwYXRoIGQ9Ik0xMDgwIDM3OXYxMTMuMTM3TDcyOC4xNjIgMTQwLjMgMzI4LjQ2MiA1NDBIMjE1LjMyNEw2OTkuODc4IDU1LjQ0NmMxNS42Mi0xNS42MiA0MC45NDgtMTUuNjIgNTYuNTY4IDBMMTA4MCAzNzl6IiBmaWxsLW9wYWNpdHk9Ii4yIiBmaWxsPSIjMDAwIiBmaWxsLXJ1bGU9Im5vbnplcm8iLz4KICAgIDwvZz4KPC9zdmc+Cg==&#8221; align_tablet=&#8221;center&#8221; align_phone=&#8221;center&#8221; align_last_edited=&#8221;on|desktop&#8221; _builder_version=&#8221;4.21.0&#8243; _module_preset=&#8221;default&#8221; hover_transition_duration=&#8221;500ms&#8221; box_shadow_style=&#8221;preset3&#8243; global_colors_info=&#8221;{}&#8221; transform_styles__hover_enabled=&#8221;on|hover&#8221; transform_scale__hover_enabled=&#8221;on|hover&#8221; transform_translate__hover=&#8221;0px|-25px&#8221; transform_translate__hover_enabled=&#8221;on|desktop&#8221; transform_rotate__hover_enabled=&#8221;on|desktop&#8221; transform_skew__hover_enabled=&#8221;on|desktop&#8221; transform_origin__hover_enabled=&#8221;on|desktop&#8221;][\/et_pb_image][\/et_pb_column][et_pb_column type=&#8221;1_2&#8243; module_class=&#8221;one-column&#8221; _builder_version=&#8221;4.16&#8243; _module_preset=&#8221;default&#8221; animation_style=&#8221;slide&#8221; animation_direction=&#8221;right&#8221; custom_css_main_element=&#8221;margin:auto;&#8221; global_colors_info=&#8221;{}&#8221;][et_pb_text module_class=&#8221;one-column-header&#8221; _builder_version=&#8221;4.21.0&#8243; _module_preset=&#8221;default&#8221; text_font=&#8221;|700|||||||&#8221; text_text_color=&#8221;#ffffff&#8221; text_font_size=&#8221;30px&#8221; header_font=&#8221;Barlow Condensed|300|||||||&#8221; header_text_color=&#8221;#ffffff&#8221; header_font_size=&#8221;68px&#8221; header_line_height=&#8221;0.9em&#8221; header_2_font=&#8221;Barlow Condensed|600|||||||&#8221; header_2_text_align=&#8221;left&#8221; header_2_text_color=&#8221;#141827&#8243; header_2_font_size=&#8221;40px&#8221; header_2_line_height=&#8221;1.2em&#8221; header_3_font=&#8221;Barlow Condensed||||||||&#8221; header_4_font=&#8221;Barlow Condensed||||||||&#8221; header_5_font=&#8221;Barlow Condensed||||||||&#8221; header_6_font=&#8221;Barlow Condensed||||||||&#8221; text_orientation=&#8221;center&#8221; text_font_size_tablet=&#8221;&#8221; text_font_size_phone=&#8221;20px&#8221; text_font_size_last_edited=&#8221;on|desktop&#8221; header_font_size_tablet=&#8221;64px&#8221; header_font_size_phone=&#8221;56px&#8221; header_font_size_last_edited=&#8221;on|phone&#8221; header_2_font_size_tablet=&#8221;&#8221; header_2_font_size_phone=&#8221;46px&#8221; header_2_font_size_last_edited=&#8221;on|phone&#8221; global_colors_info=&#8221;{}&#8221; header_2_2_font_size_phone=&#8221;36px&#8221; header_3_2_font_size_phone=&#8221;36px&#8221; header_4_2_font_size_phone=&#8221;36px&#8221; header_5_2_font_size_phone=&#8221;36px&#8221; header_6_2_font_size_phone=&#8221;36px&#8221; header_2_2_font_size_last_edited=&#8221;on|phone&#8221; header_3_2_font_size_last_edited=&#8221;on|phone&#8221; header_4_2_font_size_last_edited=&#8221;on|phone&#8221; header_5_2_font_size_last_edited=&#8221;on|phone&#8221; header_6_2_font_size_last_edited=&#8221;on|phone&#8221;]<\/p>\n<h2>Les <span style=\"color: #17bdfb;\">activit\u00e9s propos\u00e9es<br \/><\/span><\/h2>\n<p>[\/et_pb_text][et_pb_text _builder_version=&#8221;4.21.0&#8243; _module_preset=&#8221;default&#8221; text_font=&#8221;Roboto||||||||&#8221; text_text_color=&#8221;#000000&#8243; text_font_size=&#8221;18px&#8221; ul_font=&#8221;Roboto||||||||&#8221; ul_font_size=&#8221;18px&#8221; global_colors_info=&#8221;{}&#8221; background__hover_enabled=&#8221;on|desktop&#8221;]<\/p>\n<ul>\n<li>\u00c9quitation<\/li>\n<li>Karting<\/li>\n<li>Tir \u00e0 l\u2019arc<\/li>\n<li>Aviron<\/li>\n<li>Escalade<\/li>\n<li>Tir \u00e0 la carabine laser sonore<\/li>\n<li>Tandem v\u00e9lo<\/li>\n<li>Randonn\u00e9e raquette<\/li>\n<\/ul>\n<p>[\/et_pb_text][et_pb_button button_text=&#8221;Contact&#8221; button_alignment=&#8221;left&#8221; _builder_version=&#8221;4.21.0&#8243; _module_preset=&#8221;default&#8221; custom_button=&#8221;on&#8221; button_text_size=&#8221;14px&#8221; button_text_color=&#8221;#141827&#8243; button_bg_color=&#8221;#17bdfb&#8221; button_border_width=&#8221;0px&#8221; button_border_color=&#8221;#ffffff&#8221; button_letter_spacing=&#8221;1px&#8221; button_font=&#8221;Roboto|600||on|||||&#8221; button_use_icon=&#8221;off&#8221; custom_margin=&#8221;22px||&#8221; custom_padding=&#8221;17px|30px|17px|30px|true|true&#8221; locked=&#8221;off&#8221; global_colors_info=&#8221;{}&#8221; button_bg_color__hover_enabled=&#8221;on|desktop&#8221; button_bg_color__hover=&#8221;#17bdfb&#8221; button_letter_spacing__hover_enabled=&#8221;on|hover&#8221; button_letter_spacing__hover=&#8221;2px&#8221; button_border_color__hover_enabled=&#8221;on|hover&#8221; button_border_color__hover=&#8221;#545454&#8243; button_text_color__hover_enabled=&#8221;on|hover&#8221; button_text_color__hover=&#8221;#141827&#8243;][\/et_pb_button][\/et_pb_column][\/et_pb_row][\/et_pb_section]<\/p>\n","protected":false},"excerpt":{"rendered":"<p>Sorties sportives ponctuellesSorties sportives ponctuelles ouvertes \u00e0 toute personnes en situation de handicap visuel (organis\u00e9e en collaboration entre le Comit\u00e9 Handisport 64 et l\u2019UNADEV).Les activit\u00e9s propos\u00e9es \u00c9quitation Karting Tir \u00e0 l\u2019arc Aviron Escalade Tir \u00e0 la carabine laser sonore Tandem v\u00e9lo Randonn\u00e9e raquette<\/p>\n","protected":false},"author":1,"featured_media":0,"parent":0,"menu_order":0,"comment_status":"closed","ping_status":"closed","template":"","meta":{"_et_pb_use_builder":"on","_et_pb_old_content":"","_et_gb_content_width":"","footnotes":""},"class_list":["post-1634","page","type-page","status-publish","hentry"],"_links":{"self":[{"href":"https:\/\/www.cdhandisport64.org\/eu\/wp-json\/wp\/v2\/pages\/1634","targetHints":{"allow":["GET"]}}],"collection":[{"href":"https:\/\/www.cdhandisport64.org\/eu\/wp-json\/wp\/v2\/pages"}],"about":[{"href":"https:\/\/www.cdhandisport64.org\/eu\/wp-json\/wp\/v2\/types\/page"}],"author":[{"embeddable":true,"href":"https:\/\/www.cdhandisport64.org\/eu\/wp-json\/wp\/v2\/users\/1"}],"replies":[{"embeddable":true,"href":"https:\/\/www.cdhandisport64.org\/eu\/wp-json\/wp\/v2\/comments?post=1634"}],"version-history":[{"count":1,"href":"https:\/\/www.cdhandisport64.org\/eu\/wp-json\/wp\/v2\/pages\/1634\/revisions"}],"predecessor-version":[{"id":1636,"href":"https:\/\/www.cdhandisport64.org\/eu\/wp-json\/wp\/v2\/pages\/1634\/revisions\/1636"}],"wp:attachment":[{"href":"https:\/\/www.cdhandisport64.org\/eu\/wp-json\/wp\/v2\/media?parent=1634"}],"curies":[{"name":"wp","href":"https:\/\/api.w.org\/{rel}","templated":true}]}}